{"id":8940,"date":"2022-12-14T10:58:16","date_gmt":"2022-12-14T09:58:16","guid":{"rendered":"http:\/\/erp.hosting125804.a2fe2.netcup.net\/pl-pl\/?page_id=8940"},"modified":"2022-12-29T11:46:45","modified_gmt":"2022-12-29T10:46:45","slug":"urzadzenia-zawierajace-dane","status":"publish","type":"page","link":"http:\/\/erp.hosting125804.a2fe2.netcup.net\/pl-pl\/urzadzenia-zawierajace-dane\/","title":{"rendered":"Urz\u0105dzenia zawieraj\u0105ce dane"},"content":{"rendered":"<p><div class=\"fusion-fullwidth fullwidth-box fusion-builder-row-1 fusion-flex-container has-pattern-background has-mask-background fusion-parallax-none page-hero nonhundred-percent-fullwidth non-hundred-percent-height-scrolling\" style=\"background-color: var(--awb-color7);background-image: url(&quot;http:\/\/erp.hosting125804.a2fe2.netcup.net\/pl-pl\/wp-content\/uploads\/sites\/50\/2022\/12\/ERP-Global-Position-Papers-Header.jpg&quot;);background-position: center center;background-repeat: no-repeat;border-width: 0px 0px 0px 0px;border-color:#eae9e9;border-style:solid;-webkit-background-size:cover;-moz-background-size:cover;-o-background-size:cover;background-size:cover;\" ><div class=\"fusion-builder-row fusion-row fusion-flex-align-items-flex-start\" style=\"max-width:1456px;margin-left: calc(-4% \/ 2 );margin-right: calc(-4% \/ 2 );\"><\/div><style type=\"text\/css\">.fusion-body .fusion-flex-container.fusion-builder-row-1{ padding-top : 12vh;margin-top : 0;padding-right : 0px;padding-bottom : 12vh;margin-bottom : 0;padding-left : 0px;min-height:510px;}@media only screen and (max-width:640px) {.fusion-body .fusion-flex-container.fusion-builder-row-1{ min-height:250px;}}<\/style><\/div><div class=\"fusion-fullwidth fullwidth-box fusion-builder-row-2 fusion-flex-container has-pattern-background has-mask-background nonhundred-percent-fullwidth non-hundred-percent-height-scrolling\" style=\"background-color: rgba(255,255,255,0);background-position: center center;background-repeat: no-repeat;border-width: 0px 0px 0px 0px;border-color:#eae9e9;border-style:solid;\" ><div class=\"fusion-builder-row fusion-row fusion-flex-align-items-flex-start\" style=\"max-width:1456px;margin-left: calc(-4% \/ 2 );margin-right: calc(-4% \/ 2 );\"><div class=\"fusion-layout-column fusion_builder_column fusion-builder-column-0 fusion_builder_column_1_1 1_1 fusion-flex-column\"><div class=\"fusion-column-wrapper fusion-flex-justify-content-flex-start fusion-content-layout-column\" style=\"background-position:left top;background-repeat:no-repeat;-webkit-background-size:cover;-moz-background-size:cover;-o-background-size:cover;background-size:cover;padding: 0px 0px 0px 0px;\"><style type=\"text\/css\">.fusion-breadcrumbs.fusion-breadcrumbs-1{font-size:20px;}.fusion-breadcrumbs.fusion-breadcrumbs-1 span a:hover{color:var(--awb-color6) !important;}.fusion-breadcrumbs.fusion-breadcrumbs-1{color:rgba(35,35,35,0.5);}.fusion-breadcrumbs.fusion-breadcrumbs-1 a{color:rgba(35,35,35,0.5);}<\/style><div class=\"fusion-breadcrumbs fusion-breadcrumbs-1\"><span><span><a href=\"https:\/\/erp.hosting125804.a2fe2.netcup.net\/pl-pl\/\">Frontpage<\/a><\/span><\/span><\/div><\/div><style type=\"text\/css\">.fusion-body .fusion-builder-column-0{width:100% !important;margin-top : 0px;margin-bottom : 20px;}.fusion-builder-column-0 > .fusion-column-wrapper {padding-top : 0px !important;padding-right : 0px !important;margin-right : 1.92%;padding-bottom : 0px !important;padding-left : 0px !important;margin-left : 1.92%;}@media only screen and (max-width:1024px) {.fusion-body .fusion-builder-column-0{width:100% !important;order : 0;}.fusion-builder-column-0 > .fusion-column-wrapper {margin-right : 1.92%;margin-left : 1.92%;}}@media only screen and (max-width:640px) {.fusion-body .fusion-builder-column-0{width:100% !important;order : 0;}.fusion-builder-column-0 > .fusion-column-wrapper {margin-right : 1.92%;margin-left : 1.92%;}}<\/style><\/div><\/div><style type=\"text\/css\">.fusion-body .fusion-flex-container.fusion-builder-row-2{ padding-top : 0px;margin-top : 40px;padding-right : 0px;padding-bottom : 0px;margin-bottom : 40px;padding-left : 0px;}<\/style><\/div><div class=\"fusion-fullwidth fullwidth-box fusion-builder-row-3 fusion-flex-container has-pattern-background has-mask-background nonhundred-percent-fullwidth non-hundred-percent-height-scrolling\" style=\"background-color: rgba(255,255,255,0);background-position: center center;background-repeat: no-repeat;border-width: 0px 0px 0px 0px;border-color:#eae9e9;border-style:solid;\" ><div class=\"fusion-builder-row fusion-row fusion-flex-align-items-flex-start\" style=\"max-width:1456px;margin-left: calc(-4% \/ 2 );margin-right: calc(-4% \/ 2 );\"><div class=\"fusion-layout-column fusion_builder_column fusion-builder-column-1 fusion_builder_column_3_4 3_4 fusion-flex-column links-underline\"><div class=\"fusion-column-wrapper fusion-flex-justify-content-flex-start fusion-content-layout-column\" style=\"background-position:left top;background-repeat:no-repeat;-webkit-background-size:cover;-moz-background-size:cover;-o-background-size:cover;background-size:cover;padding: 0px 0px 0px 0px;\"><style type=\"text\/css\">@media only screen and (max-width:1024px) {.fusion-title.fusion-title-1{margin-top:0px!important; margin-right:!important;margin-bottom:30px!important;margin-left:!important;}}<\/style><div class=\"fusion-title title fusion-title-1 fusion-title-text fusion-title-size-one\" style=\"margin-top:0px;margin-bottom:30px;\"><div class=\"title-sep-container title-sep-container-left fusion-no-large-visibility fusion-no-medium-visibility fusion-no-small-visibility\"><div class=\"title-sep sep-\" style=\"border-color:var(--awb-color3);\"><\/div><\/div><span class=\"awb-title-spacer fusion-no-large-visibility fusion-no-medium-visibility fusion-no-small-visibility\"><\/span><h1 class=\"title-heading-left fusion-responsive-typography-calculated\" style=\"margin:0;text-transform:none;--fontSize:100;line-height:1.2;\">Urz\u0105dzenia zawieraj\u0105ce dane<\/h1><span class=\"awb-title-spacer\"><\/span><div class=\"title-sep-container title-sep-container-right\"><div class=\"title-sep sep-\" style=\"border-color:var(--awb-color3);\"><\/div><\/div><\/div><div class=\"fusion-text fusion-text-1\"><p>ERP Polska Organizacja Odzysku Sprz\u0119tu Elektrycznego i Elektronicznego i Organizacja Odzysku Opakowa\u0144 S.A. (\u201emy\u201d, \u201enas\u201d, \u201enasz\u201d lub \u201eERP\u201d) organizuje zbi\u00f3rk\u0119 i recykling zu\u017cytego sprz\u0119tu elektrycznego i elektronicznego. Niniejsze o\u015bwiadczenie o ochronie prywatno\u015bci ma zastosowanie do ka\u017cdej \u017cyj\u0105cej osoby (\u201eCiebie\u201d), kt\u00f3rej dane osobowe znajduj\u0105 si\u0119 w zu\u017cytym sprz\u0119cie elektrycznym i elektronicznym (\u201eUrz\u0105dzenia zawieraj\u0105ce dane\u201d), kt\u00f3ry jest nam przekazywany bezpo\u015brednio przez osoby trzecie w celu ponownego wykorzystania, odzysku lub unieszkodliwienia. Poniewa\u017c nie znamy Twojej to\u017csamo\u015bci, nie mo\u017cemy dostarczy\u0107 Ci tego o\u015bwiadczenia o ochronie prywatno\u015bci, a art. 14 ust. 5 RODO pozwala nam wype\u0142nia\u0107 nasze zobowi\u0105zania, udost\u0119pniaj\u0105c publicznie niniejsze o\u015bwiadczenie o ochronie prywatno\u015bci.<\/p>\n<p>Nie chcemy przetwarza\u0107 Twoich danych osobowych i wolimy, aby\u015b post\u0119powa\u0142 zgodnie z naszymi zaleceniami i trwale usuwa\u0142 wszystkie dane osobowe z urz\u0105dze\u0144 zawieraj\u0105cych dane, zanim je otrzymamy. Je\u015bli zdecydujesz si\u0119 pozostawi\u0107 dane osobowe na przekazanym nam Urz\u0105dzeniu zawieraj\u0105cym dane, mo\u017cemy w\u00f3wczas uzyska\u0107 dost\u0119p do wszystkiego, co znajduje si\u0119 na Urz\u0105dzeniach zawieraj\u0105cych dane. Je\u017celi urz\u0105dzenie zawieraj\u0105ce dane, kt\u00f3re nam przekazujesz, zawiera dane osobowe dotycz\u0105ce innych os\u00f3b, prosimy Ci\u0119 o zrobienie tego tylko po upewnieniu si\u0119, \u017ce usuni\u0119cie lub zniszczenie tych danych jest zgodne z obowi\u0105zuj\u0105cym prawem.<\/p>\n<p>Gromadzimy Urz\u0105dzenia zawieraj\u0105ce dane wy\u0142\u0105cznie w celu przetwarzania ich w celu ponownego wykorzystania (przez zatwierdzone i regulowane organizacje zajmuj\u0105ce si\u0119 ponownym wykorzystaniem) lub do recyklingu przez naszych podwykonawc\u00f3w. Nasze codzienne procesy nie obejmuj\u0105 dost\u0119pu do Urz\u0105dze\u0144 zawieraj\u0105cych dane ani danych osobowych w nich zawartych. We wszystkich sytuacjach jedynym przetwarzaniem przez nas danych osobowych zawartych w Urz\u0105dzeniu zawieraj\u0105cym dane b\u0119dzie trwa\u0142e usuni\u0119cie (w przypadku, gdy Urz\u0105dzenie zawieraj\u0105ce dane jest przygotowane do ponownego u\u017cycia) lub zniszczenie (w przypadku gdy Urz\u0105dzenie zawieraj\u0105ce dane zostanie zniszczone i poddane recyklingowi na komponent) cz\u0119\u015bci) w naszym zakontraktowanym obiekcie, kt\u00f3ry nie przetwarza \u017cadnych danych w Urz\u0105dzeniach zawieraj\u0105cych dane w naszym imieniu. U\u017cywamy r\u00f3\u017cnych technologii bezpiecze\u0144stwa i procedur operacyjnych, aby pom\u00f3c chroni\u0107 Twoje dane osobowe przed przypadkow\u0105 zmian\u0105, ujawnieniem, utrat\u0105, wykorzystaniem lub dost\u0119pem w nieautoryzowany spos\u00f3b. Je\u015bli jednak przekaza\u0142e\u015b swoje lub inne dane osobowe wbrew naszym zaleceniom, nie mo\u017cemy zosta\u0107 poci\u0105gni\u0119ci do odpowiedzialno\u015bci za nieuprawnione przetwarzanie Twoich danych przez osoby o z\u0142ych zamiarach.<\/p>\n<p>Poniewa\u017c przetwarzanie przez nas danych osobowych zawartych na Urz\u0105dzeniach zawieraj\u0105cych dane nie wymaga identyfikacji os\u00f3b, kt\u00f3rych dane dotycz\u0105, nie jeste\u015bmy zobowi\u0105zani do (a) utrzymywania, pozyskiwania ani przetwarzania dodatkowych informacji w celu u\u0142atwienia takiej identyfikacji; ani (b) przyznania Pa\u0144stwu prawa dost\u0119pu, sprostowania, usuni\u0119cia, ograniczenia przetwarzania lub przenoszenia danych. Ze wzgl\u0119du na charakter naszej dzia\u0142alno\u015bci i liczb\u0119 Urz\u0105dze\u0144 zawieraj\u0105cych dane, kt\u00f3re przetwarzamy, w ka\u017cdym przypadku jest prawie niemo\u017cliwe zidentyfikowanie jakiejkolwiek konkretnej osoby na posiadanych przez nas Urz\u0105dzeniach zawieraj\u0105cych dane, nawet je\u015bli podasz nam dodatkowe informacje.<\/p>\n<p>W przypadku jakichkolwiek pyta\u0144 dotycz\u0105cych ochrony danych, z przyjemno\u015bci\u0105 pomo\u017cemy: dataprivacy@landbellgroup.com<\/p>\n<p>Zastrzegamy sobie prawo do okresowego modyfikowania i poprawiania niniejszej Polityki prywatno\u015bci, aby odzwierciedli\u0107 bie\u017c\u0105ce okoliczno\u015bci. Dlatego zalecamy regularne przegl\u0105danie niniejszego O\u015bwiadczenia o ochronie prywatno\u015bci, aby by\u0107 na bie\u017c\u0105co. Tam, gdzie jest to wymagane przez prawo, mo\u017cemy r\u00f3wnie\u017c poinformowa\u0107 Ci\u0119 o modyfikacjach \/ poprawkach niniejszej Polityki prywatno\u015bci. Niniejsze O\u015bwiadczenie o ochronie prywatno\u015bci zosta\u0142o ostatnio zaktualizowane 24 lutego 2020 r.<\/p>\n<\/div><\/div><style type=\"text\/css\">.fusion-body .fusion-builder-column-1{width:75% !important;margin-top : 0px;margin-bottom : 20px;}.fusion-builder-column-1 > .fusion-column-wrapper {padding-top : 0px !important;padding-right : 0px !important;margin-right : 2.56%;padding-bottom : 0px !important;padding-left : 0px !important;margin-left : 2.56%;}@media only screen and (max-width:1024px) {.fusion-body .fusion-builder-column-1{width:100% !important;order : 0;}.fusion-builder-column-1 > .fusion-column-wrapper {margin-right : 1.92%;margin-left : 1.92%;}}@media only screen and (max-width:640px) {.fusion-body .fusion-builder-column-1{width:100% !important;order : 0;}.fusion-builder-column-1 > .fusion-column-wrapper {margin-right : 1.92%;margin-left : 1.92%;}}<\/style><\/div><\/div><style type=\"text\/css\">.fusion-body .fusion-flex-container.fusion-builder-row-3{ padding-top : 0px;margin-top : 0px;padding-right : 0px;padding-bottom : 12vh;margin-bottom : 0px;padding-left : 0px;}<\/style><\/div><div class=\"fusion-fullwidth fullwidth-box fusion-builder-row-4 fusion-flex-container has-pattern-background has-mask-background nonhundred-percent-fullwidth non-hundred-percent-height-scrolling fusion-custom-z-index fusion-absolute-container fusion-absolute-position-small fusion-absolute-position-medium fusion-absolute-position-large\" style=\"background-color: rgba(255,255,255,0);background-position: center center;background-repeat: no-repeat;border-width: 0px 0px 0px 0px;border-color:#eae9e9;border-style:solid;\" ><div class=\"fusion-builder-row fusion-row fusion-flex-align-items-flex-start fusion-flex-justify-content-flex-end\" style=\"max-width:1456px;margin-left: calc(-4% \/ 2 );margin-right: calc(-4% \/ 2 );\"><div class=\"fusion-layout-column fusion_builder_column fusion-builder-column-2 fusion_builder_column_1_4 1_4 fusion-flex-column\"><div class=\"fusion-column-wrapper fusion-flex-justify-content-flex-start fusion-content-layout-column\" style=\"background-position:left top;background-repeat:no-repeat;-webkit-background-size:cover;-moz-background-size:cover;-o-background-size:cover;background-size:cover;padding: 0px 0px 0px 0px;\"><a class=\"square-member\" href=\"\/pl-pl\/kontakt\/\">Do\u0142\u0105cz<br>do nas<br>dzisiaj<\/a><\/div><style type=\"text\/css\">.fusion-body .fusion-builder-column-2{width:25% !important;margin-top : 0px;margin-bottom : 20px;}.fusion-builder-column-2 > .fusion-column-wrapper {padding-top : 0px !important;padding-right : 0px !important;margin-right : 7.68%;padding-bottom : 0px !important;padding-left : 0px !important;margin-left : 7.68%;}@media only screen and (max-width:1024px) {.fusion-body .fusion-builder-column-2{width:100% !important;order : 0;}.fusion-builder-column-2 > .fusion-column-wrapper {margin-right : 1.92%;margin-left : 1.92%;}}@media only screen and (max-width:640px) {.fusion-body .fusion-builder-column-2{width:100% !important;order : 0;}.fusion-builder-column-2 > .fusion-column-wrapper {margin-right : 1.92%;margin-left : 1.92%;}}<\/style><\/div><\/div><style type=\"text\/css\">.fusion-fullwidth.fusion-builder-row-4 { z-index:999 !important; }.fusion-body .fusion-flex-container.fusion-builder-row-4{ padding-top : 0px;margin-top : 0px;padding-right : 0px;padding-bottom : 0px;margin-bottom : 0px;padding-left : 0px;}<\/style><\/div>\n<\/p>\n","protected":false},"excerpt":{"rendered":"","protected":false},"author":1,"featured_media":7018,"parent":0,"menu_order":0,"comment_status":"closed","ping_status":"open","template":"100-width.php","meta":{"_crosspost_to_1":false,"_mi_skip_tracking":false,"footnotes":""},"acf":[],"yoast_head":"<!-- This site is optimized with the Yoast SEO plugin v20.4 - https:\/\/yoast.com\/wordpress\/plugins\/seo\/ -->\n<title>Urz\u0105dzenia zawieraj\u0105ce dane - ERP Polska<\/title>\n<meta name=\"robots\" content=\"noindex, follow, max-snippet:-1, max-image-preview:large, max-video-preview:-1\" \/>\n<meta property=\"og:locale\" content=\"pl_PL\" \/>\n<meta property=\"og:type\" content=\"article\" \/>\n<meta property=\"og:title\" content=\"Urz\u0105dzenia zawieraj\u0105ce dane - ERP Polska\" \/>\n<meta property=\"og:url\" content=\"http:\/\/erp.hosting125804.a2fe2.netcup.net\/pl-pl\/urzadzenia-zawierajace-dane\/\" \/>\n<meta property=\"og:site_name\" content=\"Poland (PL)\" \/>\n<meta property=\"article:modified_time\" content=\"2022-12-29T10:46:45+00:00\" \/>\n<meta property=\"og:image\" content=\"http:\/\/erp.hosting125804.a2fe2.netcup.net\/pl-pl\/wp-content\/uploads\/sites\/50\/2022\/12\/ERP-Global-Position-Papers-Header.jpg\" \/>\n\t<meta property=\"og:image:width\" content=\"1800\" \/>\n\t<meta property=\"og:image:height\" content=\"1200\" \/>\n\t<meta property=\"og:image:type\" content=\"image\/jpeg\" \/>\n<meta name=\"twitter:card\" content=\"summary_large_image\" \/>\n<meta name=\"twitter:label1\" content=\"Szacowany czas czytania\" \/>\n\t<meta name=\"twitter:data1\" content=\"7 minut\" \/>\n<script type=\"application\/ld+json\" class=\"yoast-schema-graph\">{\"@context\":\"https:\/\/schema.org\",\"@graph\":[{\"@type\":\"WebPage\",\"@id\":\"http:\/\/erp.hosting125804.a2fe2.netcup.net\/pl-pl\/urzadzenia-zawierajace-dane\/\",\"url\":\"http:\/\/erp.hosting125804.a2fe2.netcup.net\/pl-pl\/urzadzenia-zawierajace-dane\/\",\"name\":\"Urz\u0105dzenia zawieraj\u0105ce dane - ERP Polska\",\"isPartOf\":{\"@id\":\"https:\/\/erp.hosting125804.a2fe2.netcup.net\/pl-pl\/#website\"},\"datePublished\":\"2022-12-14T09:58:16+00:00\",\"dateModified\":\"2022-12-29T10:46:45+00:00\",\"breadcrumb\":{\"@id\":\"http:\/\/erp.hosting125804.a2fe2.netcup.net\/pl-pl\/urzadzenia-zawierajace-dane\/#breadcrumb\"},\"inLanguage\":\"pl-PL\",\"potentialAction\":[{\"@type\":\"ReadAction\",\"target\":[\"http:\/\/erp.hosting125804.a2fe2.netcup.net\/pl-pl\/urzadzenia-zawierajace-dane\/\"]}]},{\"@type\":\"BreadcrumbList\",\"@id\":\"http:\/\/erp.hosting125804.a2fe2.netcup.net\/pl-pl\/urzadzenia-zawierajace-dane\/#breadcrumb\",\"itemListElement\":[{\"@type\":\"ListItem\",\"position\":1,\"name\":\"Frontpage\",\"item\":\"https:\/\/erp.hosting125804.a2fe2.netcup.net\/pl-pl\/\"},{\"@type\":\"ListItem\",\"position\":2,\"name\":\"Urz\u0105dzenia zawieraj\u0105ce dane\"}]},{\"@type\":\"WebSite\",\"@id\":\"https:\/\/erp.hosting125804.a2fe2.netcup.net\/pl-pl\/#website\",\"url\":\"https:\/\/erp.hosting125804.a2fe2.netcup.net\/pl-pl\/\",\"name\":\"Poland (PL)\",\"description\":\"A company of the Landbell Group\",\"potentialAction\":[{\"@type\":\"SearchAction\",\"target\":{\"@type\":\"EntryPoint\",\"urlTemplate\":\"https:\/\/erp.hosting125804.a2fe2.netcup.net\/pl-pl\/?s={search_term_string}\"},\"query-input\":\"required name=search_term_string\"}],\"inLanguage\":\"pl-PL\"}]}<\/script>\n<!-- \/ Yoast SEO plugin. -->","yoast_head_json":{"title":"Urz\u0105dzenia zawieraj\u0105ce dane - ERP Polska","robots":{"index":"noindex","follow":"follow","max-snippet":"max-snippet:-1","max-image-preview":"max-image-preview:large","max-video-preview":"max-video-preview:-1"},"og_locale":"pl_PL","og_type":"article","og_title":"Urz\u0105dzenia zawieraj\u0105ce dane - ERP Polska","og_url":"http:\/\/erp.hosting125804.a2fe2.netcup.net\/pl-pl\/urzadzenia-zawierajace-dane\/","og_site_name":"Poland (PL)","article_modified_time":"2022-12-29T10:46:45+00:00","og_image":[{"width":1800,"height":1200,"url":"http:\/\/erp.hosting125804.a2fe2.netcup.net\/pl-pl\/wp-content\/uploads\/sites\/50\/2022\/12\/ERP-Global-Position-Papers-Header.jpg","type":"image\/jpeg"}],"twitter_card":"summary_large_image","twitter_misc":{"Szacowany czas czytania":"7 minut"},"schema":{"@context":"https:\/\/schema.org","@graph":[{"@type":"WebPage","@id":"http:\/\/erp.hosting125804.a2fe2.netcup.net\/pl-pl\/urzadzenia-zawierajace-dane\/","url":"http:\/\/erp.hosting125804.a2fe2.netcup.net\/pl-pl\/urzadzenia-zawierajace-dane\/","name":"Urz\u0105dzenia zawieraj\u0105ce dane - ERP Polska","isPartOf":{"@id":"https:\/\/erp.hosting125804.a2fe2.netcup.net\/pl-pl\/#website"},"datePublished":"2022-12-14T09:58:16+00:00","dateModified":"2022-12-29T10:46:45+00:00","breadcrumb":{"@id":"http:\/\/erp.hosting125804.a2fe2.netcup.net\/pl-pl\/urzadzenia-zawierajace-dane\/#breadcrumb"},"inLanguage":"pl-PL","potentialAction":[{"@type":"ReadAction","target":["http:\/\/erp.hosting125804.a2fe2.netcup.net\/pl-pl\/urzadzenia-zawierajace-dane\/"]}]},{"@type":"BreadcrumbList","@id":"http:\/\/erp.hosting125804.a2fe2.netcup.net\/pl-pl\/urzadzenia-zawierajace-dane\/#breadcrumb","itemListElement":[{"@type":"ListItem","position":1,"name":"Frontpage","item":"https:\/\/erp.hosting125804.a2fe2.netcup.net\/pl-pl\/"},{"@type":"ListItem","position":2,"name":"Urz\u0105dzenia zawieraj\u0105ce dane"}]},{"@type":"WebSite","@id":"https:\/\/erp.hosting125804.a2fe2.netcup.net\/pl-pl\/#website","url":"https:\/\/erp.hosting125804.a2fe2.netcup.net\/pl-pl\/","name":"Poland (PL)","description":"A company of the Landbell Group","potentialAction":[{"@type":"SearchAction","target":{"@type":"EntryPoint","urlTemplate":"https:\/\/erp.hosting125804.a2fe2.netcup.net\/pl-pl\/?s={search_term_string}"},"query-input":"required name=search_term_string"}],"inLanguage":"pl-PL"}]}},"_links":{"self":[{"href":"http:\/\/erp.hosting125804.a2fe2.netcup.net\/pl-pl\/wp-json\/wp\/v2\/pages\/8940"}],"collection":[{"href":"http:\/\/erp.hosting125804.a2fe2.netcup.net\/pl-pl\/wp-json\/wp\/v2\/pages"}],"about":[{"href":"http:\/\/erp.hosting125804.a2fe2.netcup.net\/pl-pl\/wp-json\/wp\/v2\/types\/page"}],"author":[{"embeddable":true,"href":"http:\/\/erp.hosting125804.a2fe2.netcup.net\/pl-pl\/wp-json\/wp\/v2\/users\/1"}],"replies":[{"embeddable":true,"href":"http:\/\/erp.hosting125804.a2fe2.netcup.net\/pl-pl\/wp-json\/wp\/v2\/comments?post=8940"}],"version-history":[{"count":3,"href":"http:\/\/erp.hosting125804.a2fe2.netcup.net\/pl-pl\/wp-json\/wp\/v2\/pages\/8940\/revisions"}],"predecessor-version":[{"id":8943,"href":"http:\/\/erp.hosting125804.a2fe2.netcup.net\/pl-pl\/wp-json\/wp\/v2\/pages\/8940\/revisions\/8943"}],"wp:featuredmedia":[{"embeddable":true,"href":"http:\/\/erp.hosting125804.a2fe2.netcup.net\/pl-pl\/wp-json\/wp\/v2\/media\/7018"}],"wp:attachment":[{"href":"http:\/\/erp.hosting125804.a2fe2.netcup.net\/pl-pl\/wp-json\/wp\/v2\/media?parent=8940"}],"curies":[{"name":"wp","href":"https:\/\/api.w.org\/{rel}","templated":true}]}}