{"id":8756,"date":"2022-12-16T16:57:38","date_gmt":"2022-12-16T14:57:38","guid":{"rendered":"http:\/\/erp.hosting125804.a2fe2.netcup.net\/fi-fi\/?page_id=8756"},"modified":"2022-12-29T11:41:50","modified_gmt":"2022-12-29T09:41:50","slug":"liity-jaseneksi","status":"publish","type":"page","link":"http:\/\/erp.hosting125804.a2fe2.netcup.net\/fi-fi\/teista\/liity-jaseneksi\/","title":{"rendered":"Liity j\u00e4seneksi"},"content":{"rendered":"<p><div class=\"fusion-fullwidth fullwidth-box fusion-builder-row-1 fusion-flex-container has-pattern-background has-mask-background fusion-parallax-none page-hero nonhundred-percent-fullwidth non-hundred-percent-height-scrolling\" style=\"background-color: var(--awb-color7);background-image: url(&quot;http:\/\/erp.hosting125804.a2fe2.netcup.net\/fi-fi\/wp-content\/uploads\/sites\/37\/2022\/12\/ERP-Global-Who-are-you-woman.jpg&quot;);background-position: center center;background-repeat: no-repeat;border-width: 0px 0px 0px 0px;border-color:#eae9e9;border-style:solid;-webkit-background-size:cover;-moz-background-size:cover;-o-background-size:cover;background-size:cover;\" ><div class=\"fusion-builder-row fusion-row fusion-flex-align-items-flex-start\" style=\"max-width:1456px;margin-left: calc(-4% \/ 2 );margin-right: calc(-4% \/ 2 );\"><div class=\"fusion-layout-column fusion_builder_column fusion-builder-column-0 fusion_builder_column_1_2 1_2 fusion-flex-column\"><div class=\"fusion-column-wrapper fusion-flex-justify-content-flex-start fusion-content-layout-column\" style=\"background-position:left top;background-repeat:no-repeat;-webkit-background-size:cover;-moz-background-size:cover;-o-background-size:cover;background-size:cover;padding: 0px 0px 0px 0px;\"><style type=\"text\/css\">@media only screen and (max-width:1024px) {.fusion-title.fusion-title-1{margin-top:0px!important; margin-right:!important;margin-bottom:30px!important;margin-left:!important;}}<\/style><div class=\"fusion-title title fusion-title-1 fusion-title-text fusion-title-size-one\" style=\"margin-top:0px;margin-bottom:30px;\"><div class=\"title-sep-container title-sep-container-left fusion-no-large-visibility fusion-no-medium-visibility fusion-no-small-visibility\"><div class=\"title-sep sep-\" style=\"border-color:var(--awb-color3);\"><\/div><\/div><span class=\"awb-title-spacer fusion-no-large-visibility fusion-no-medium-visibility fusion-no-small-visibility\"><\/span><h1 class=\"title-heading-left fusion-responsive-typography-calculated\" style=\"margin:0;text-transform:capitalize;color:var(--awb-color1);--fontSize:100;line-height:1.2;\">Liity j\u00e4seneksi<\/h1><span class=\"awb-title-spacer\"><\/span><div class=\"title-sep-container title-sep-container-right\"><div class=\"title-sep sep-\" style=\"border-color:var(--awb-color3);\"><\/div><\/div><\/div><\/div><style type=\"text\/css\">.fusion-body .fusion-builder-column-0{width:50% !important;margin-top : 0px;margin-bottom : 20px;}.fusion-builder-column-0 > .fusion-column-wrapper {padding-top : 0px !important;padding-right : 0px !important;margin-right : 3.84%;padding-bottom : 0px !important;padding-left : 0px !important;margin-left : 3.84%;}@media only screen and (max-width:1024px) {.fusion-body .fusion-builder-column-0{width:100% !important;order : 0;}.fusion-builder-column-0 > .fusion-column-wrapper {margin-right : 1.92%;margin-left : 1.92%;}}@media only screen and (max-width:640px) {.fusion-body .fusion-builder-column-0{width:100% !important;order : 0;}.fusion-builder-column-0 > .fusion-column-wrapper {margin-right : 1.92%;margin-left : 1.92%;}}<\/style><\/div><\/div><style type=\"text\/css\">.fusion-body .fusion-flex-container.fusion-builder-row-1{ padding-top : 12vh;margin-top : 0;padding-right : 0px;padding-bottom : 12vh;margin-bottom : 0;padding-left : 0px;}<\/style><\/div><div class=\"fusion-fullwidth fullwidth-box fusion-builder-row-2 fusion-flex-container has-pattern-background has-mask-background nonhundred-percent-fullwidth non-hundred-percent-height-scrolling\" style=\"background-color: rgba(244,244,244,0.35);background-position: center center;background-repeat: no-repeat;border-width: 0px 0px 0px 0px;border-color:#eae9e9;border-style:solid;\" ><div class=\"fusion-builder-row fusion-row fusion-flex-align-items-flex-start\" style=\"max-width:1456px;margin-left: calc(-4% \/ 2 );margin-right: calc(-4% \/ 2 );\"><div class=\"fusion-layout-column fusion_builder_column fusion-builder-column-1 fusion_builder_column_1_1 1_1 fusion-flex-column\"><div class=\"fusion-column-wrapper fusion-flex-justify-content-flex-start fusion-content-layout-column\" style=\"background-position:left top;background-repeat:no-repeat;-webkit-background-size:cover;-moz-background-size:cover;-o-background-size:cover;background-size:cover;padding: 0px 0px 0px 0px;\"><style type=\"text\/css\">.fusion-breadcrumbs.fusion-breadcrumbs-1{font-size:20px;}.fusion-breadcrumbs.fusion-breadcrumbs-1 span a:hover{color:var(--awb-color6) !important;}.fusion-breadcrumbs.fusion-breadcrumbs-1{color:rgba(35,35,35,0.5);}.fusion-breadcrumbs.fusion-breadcrumbs-1 a{color:rgba(35,35,35,0.5);}<\/style><div class=\"fusion-breadcrumbs fusion-breadcrumbs-1\"><span><span><a href=\"http:\/\/erp.hosting125804.a2fe2.netcup.net\/fi-fi\/\">Etusivu<\/a><\/span><\/span><\/div><\/div><style type=\"text\/css\">.fusion-body .fusion-builder-column-1{width:100% !important;margin-top : 0px;margin-bottom : 20px;}.fusion-builder-column-1 > .fusion-column-wrapper {padding-top : 0px !important;padding-right : 0px !important;margin-right : 1.92%;padding-bottom : 0px !important;padding-left : 0px !important;margin-left : 1.92%;}@media only screen and (max-width:1024px) {.fusion-body .fusion-builder-column-1{width:100% !important;order : 0;}.fusion-builder-column-1 > .fusion-column-wrapper {margin-right : 1.92%;margin-left : 1.92%;}}@media only screen and (max-width:640px) {.fusion-body .fusion-builder-column-1{width:100% !important;order : 0;}.fusion-builder-column-1 > .fusion-column-wrapper {margin-right : 1.92%;margin-left : 1.92%;}}<\/style><\/div><\/div><style type=\"text\/css\">.fusion-body .fusion-flex-container.fusion-builder-row-2{ padding-top : 40px;margin-top : 0px;padding-right : 0px;padding-bottom : 0px;margin-bottom : 0px;padding-left : 0px;}<\/style><\/div><div class=\"fusion-fullwidth fullwidth-box fusion-builder-row-3 fusion-flex-container has-pattern-background has-mask-background nonhundred-percent-fullwidth non-hundred-percent-height-scrolling\" style=\"background-color: rgba(244,244,244,0.35);background-position: center center;background-repeat: no-repeat;border-width: 0px 0px 0px 0px;border-color:#eae9e9;border-style:solid;\" ><div class=\"fusion-builder-row fusion-row fusion-flex-align-items-flex-start\" style=\"max-width:1456px;margin-left: calc(-4% \/ 2 );margin-right: calc(-4% \/ 2 );\"><div class=\"fusion-layout-column fusion_builder_column fusion-builder-column-2 fusion_builder_column_2_3 2_3 fusion-flex-column\"><div class=\"fusion-column-wrapper fusion-flex-justify-content-flex-start fusion-content-layout-column\" style=\"background-position:left top;background-repeat:no-repeat;-webkit-background-size:cover;-moz-background-size:cover;-o-background-size:cover;background-size:cover;padding: 0px 0px 0px 0px;\"><style type=\"text\/css\">@media only screen and (max-width:1024px) {.fusion-title.fusion-title-2{margin-top:0px!important; margin-right:!important;margin-bottom:30px!important;margin-left:!important;}}<\/style><div class=\"fusion-title title fusion-title-2 fusion-title-text fusion-title-size-two\" style=\"margin-top:0px;margin-bottom:30px;\"><div class=\"title-sep-container title-sep-container-left fusion-no-large-visibility fusion-no-medium-visibility fusion-no-small-visibility\"><div class=\"title-sep sep-\" style=\"border-color:var(--awb-color3);\"><\/div><\/div><span class=\"awb-title-spacer fusion-no-large-visibility fusion-no-medium-visibility fusion-no-small-visibility\"><\/span><h2 class=\"title-heading-left fusion-responsive-typography-calculated\" style=\"margin:0;text-transform:none;--fontSize:50;line-height:1.2;\">Liity tuottajayhteis\u00f6n j\u00e4seneksi<\/h2><span class=\"awb-title-spacer\"><\/span><div class=\"title-sep-container title-sep-container-right\"><div class=\"title-sep sep-\" style=\"border-color:var(--awb-color3);\"><\/div><\/div><\/div><div class=\"fusion-text fusion-text-1\"><p>Hoida tuottajavastuusi helposti. L\u00e4het\u00e4 meille arvio volyymista, me l\u00e4het\u00e4mme sinulle kustannusarvion saman ty\u00f6p\u00e4iv\u00e4n aikana.<\/p>\n<\/div><div class=\"fusion-text fusion-text-2 subheader\" style=\"font-size:32px;margin-top:20px;\"><p>N\u00e4in p\u00e4\u00e4set alkuun<\/p>\n<\/div><div class=\"fusion-text fusion-text-3\"><ol>\n<li>Ker\u00e4\u00e4 tiedot arvioidusta myynnist\u00e4 tuoteluokittain Suomen markkinoille (kg). Muista tarkistaa t\u00e4st\u00e4 B2B- ja B2C-laitteiden m\u00e4\u00e4ritelm\u00e4t tuottajavastuussa.<\/li>\n<li>L\u00e4het\u00e4 tiedot meille <a href=\"http:\/\/erp.hosting125804.a2fe2.netcup.net\/fi-fi\/get-cost-estimate\/\" target=\"_blank\" rel=\"noopener noreferrer\">volyymilomakkeemme<\/a> avulla<\/li>\n<li>Antamiesi tietojen perusteella ERP laskee sinulle tuottajavastuun kustannusarvion<\/li>\n<li>Rekister\u00f6i yrityksesi j\u00e4seneksi tuottajayhteis\u00f6\u00f6n (sopimus, kaupparekisteriote)<\/li>\n<li>Raportoi toteutunut myyntim\u00e4\u00e4r\u00e4 (kg) tuottajayhteis\u00f6lle<\/li>\n<li>Maksa osuutesi tuottajayhteis\u00f6n kuluista perustuen toteutuneeseen myyntim\u00e4\u00e4r\u00e4\u00e4n ja tuoteluokkaan<\/li>\n<li>Olet hoitanut tuottajavastuusi kuntoon s\u00e4hk\u00f6laitteiden ja paristojen &amp; akkujen osalta.<\/li>\n<\/ol>\n<\/div><div ><style>.fusion-body .fusion-button.button-1{border-radius:1px 1px 1px 1px;}<\/style><a class=\"fusion-button button-flat fusion-button-default-size button-default button-1 fusion-button-default-span fusion-button-default-type erp-button\" target=\"_self\" href=\"http:\/\/erp.hosting125804.a2fe2.netcup.net\/fi-fi\/get-cost-estimate\/\"><span class=\"fusion-button-text\">PYYD\u00c4 KUSTANNUSARVIO<\/span><\/a><\/div><div class=\"fusion-text fusion-text-4 subheader\" style=\"font-size:32px;margin-top:12vh;\"><p>Haluatko lis\u00e4tietoa siit\u00e4, mit\u00e4 tuottajavastuu tarkoittaa?<\/p>\n<\/div><div ><style>.fusion-body .fusion-button.button-2{border-radius:1px 1px 1px 1px;}<\/style><a class=\"fusion-button button-flat fusion-button-default-size button-default button-2 fusion-button-default-span fusion-button-default-type erp-button\" target=\"_self\" href=\"http:\/\/erp.hosting125804.a2fe2.netcup.net\/fi-fi\/who-are-you\/tietoa-tuottajavastuusta\/\"><span class=\"fusion-button-text\">TIETOA TUOTTAJAVASTUUSTA <\/span><\/a><\/div><\/div><style type=\"text\/css\">.fusion-body .fusion-builder-column-2{width:66.666666666667% !important;margin-top : 0px;margin-bottom : 12vh;}.fusion-builder-column-2 > .fusion-column-wrapper {padding-top : 0px !important;padding-right : 0px !important;margin-right : 2.88%;padding-bottom : 0px !important;padding-left : 0px !important;margin-left : 2.88%;}@media only screen and (max-width:1024px) {.fusion-body .fusion-builder-column-2{width:100% !important;order : 0;}.fusion-builder-column-2 > .fusion-column-wrapper {margin-right : 1.92%;margin-left : 1.92%;}}@media only screen and (max-width:640px) {.fusion-body .fusion-builder-column-2{width:100% !important;order : 0;}.fusion-builder-column-2 > .fusion-column-wrapper {margin-right : 1.92%;margin-left : 1.92%;}}<\/style><\/div><div class=\"fusion-layout-column fusion_builder_column fusion-builder-column-3 fusion_builder_column_1_3 1_3 fusion-flex-column fusion-flex-align-self-stretch\"><div class=\"fusion-column-wrapper fusion-flex-justify-content-flex-end fusion-content-layout-column\" style=\"background-position:left bottom;background-repeat:no-repeat;-webkit-background-size:cover;-moz-background-size:cover;-o-background-size:cover;background-size:cover;padding: 0px 0px 0px 0px;\"><div style=\"text-align:left;\"><span class=\" fusion-imageframe imageframe-none imageframe-1 hover-type-none img-contain\"><img decoding=\"async\" loading=\"lazy\" width=\"300\" height=\"169\" alt=\"ERP Recycling Image\" title=\"ERP Recycling Image\" src=\"http:\/\/erp.hosting125804.a2fe2.netcup.net\/fi-fi\/wp-content\/uploads\/sites\/37\/2022\/10\/recycling-300x169.png\" class=\"img-responsive wp-image-5291\" srcset=\"http:\/\/erp.hosting125804.a2fe2.netcup.net\/fi-fi\/wp-content\/uploads\/sites\/37\/2022\/10\/recycling-200x113.png 200w, http:\/\/erp.hosting125804.a2fe2.netcup.net\/fi-fi\/wp-content\/uploads\/sites\/37\/2022\/10\/recycling-400x226.png 400w, http:\/\/erp.hosting125804.a2fe2.netcup.net\/fi-fi\/wp-content\/uploads\/sites\/37\/2022\/10\/recycling-600x339.png 600w, http:\/\/erp.hosting125804.a2fe2.netcup.net\/fi-fi\/wp-content\/uploads\/sites\/37\/2022\/10\/recycling.png 680w\" sizes=\"(max-width: 1024px) 100vw, (max-width: 640px) 100vw, 600px\" \/><\/span><\/div><\/div><style type=\"text\/css\">.fusion-body .fusion-builder-column-3{width:33.333333333333% !important;margin-top : 0px;margin-bottom : 0px;}.fusion-builder-column-3 > .fusion-column-wrapper {padding-top : 0px !important;padding-right : 0px !important;margin-right : 0%;padding-bottom : 0px !important;padding-left : 0px !important;margin-left : 5.76%;}@media only screen and (max-width:1024px) {.fusion-body .fusion-builder-column-3{width:100% !important;order : 0;}.fusion-builder-column-3 > .fusion-column-wrapper {margin-right : 1.92%;margin-left : 1.92%;}}@media only screen and (max-width:640px) {.fusion-body .fusion-builder-column-3{width:100% !important;order : 0;}.fusion-builder-column-3 > .fusion-column-wrapper {margin-right : 1.92%;margin-left : 1.92%;}}<\/style><\/div><\/div><style type=\"text\/css\">.fusion-body .fusion-flex-container.fusion-builder-row-3{ padding-top : 12vh;margin-top : 0px;padding-right : 0px;padding-bottom : 0px;margin-bottom : 0px;padding-left : 0px;}@media only screen and (max-width:640px) {.fusion-body .fusion-flex-container.fusion-builder-row-3{ padding-top : 30px;}}<\/style><\/div><div class=\"fusion-fullwidth fullwidth-box fusion-builder-row-4 fusion-flex-container has-pattern-background has-mask-background nonhundred-percent-fullwidth non-hundred-percent-height-scrolling fusion-custom-z-index fusion-absolute-container fusion-absolute-position-small fusion-absolute-position-medium fusion-absolute-position-large\" style=\"background-color: rgba(255,255,255,0);background-position: center center;background-repeat: no-repeat;border-width: 0px 0px 0px 0px;border-color:#eae9e9;border-style:solid;\" ><div class=\"fusion-builder-row fusion-row fusion-flex-align-items-flex-start fusion-flex-justify-content-flex-end\" style=\"max-width:1456px;margin-left: calc(-4% \/ 2 );margin-right: calc(-4% \/ 2 );\"><div class=\"fusion-layout-column fusion_builder_column fusion-builder-column-4 fusion_builder_column_1_4 1_4 fusion-flex-column\"><div class=\"fusion-column-wrapper fusion-flex-justify-content-flex-start fusion-content-layout-column\" style=\"background-position:left top;background-repeat:no-repeat;-webkit-background-size:cover;-moz-background-size:cover;-o-background-size:cover;background-size:cover;padding: 0px 0px 0px 0px;\"><a class=\"square-member\" href=\"\/fi-fi\/liity-jaseneksi\/\"><br>Liity<br> \nj\u00e4seneksi<\/a><\/div><style type=\"text\/css\">.fusion-body .fusion-builder-column-4{width:25% !important;margin-top : 0px;margin-bottom : 20px;}.fusion-builder-column-4 > .fusion-column-wrapper {padding-top : 0px !important;padding-right : 0px !important;margin-right : 7.68%;padding-bottom : 0px !important;padding-left : 0px !important;margin-left : 7.68%;}@media only screen and (max-width:1024px) {.fusion-body .fusion-builder-column-4{width:100% !important;order : 0;}.fusion-builder-column-4 > .fusion-column-wrapper {margin-right : 1.92%;margin-left : 1.92%;}}@media only screen and (max-width:640px) {.fusion-body .fusion-builder-column-4{width:100% !important;order : 0;}.fusion-builder-column-4 > .fusion-column-wrapper {margin-right : 1.92%;margin-left : 1.92%;}}<\/style><\/div><\/div><style type=\"text\/css\">.fusion-fullwidth.fusion-builder-row-4 { z-index:999 !important; }.fusion-body .fusion-flex-container.fusion-builder-row-4{ padding-top : 0px;margin-top : 0px;padding-right : 0px;padding-bottom : 0px;margin-bottom : 0px;padding-left : 0px;}<\/style><\/div>\n<\/p>\n","protected":false},"excerpt":{"rendered":"","protected":false},"author":1,"featured_media":7493,"parent":5116,"menu_order":0,"comment_status":"closed","ping_status":"closed","template":"100-width.php","meta":{"_crosspost_to_1":false,"_mi_skip_tracking":false,"footnotes":""},"acf":[],"yoast_head":"<!-- This site is optimized with the Yoast SEO plugin v20.4 - https:\/\/yoast.com\/wordpress\/plugins\/seo\/ -->\n<title>Liity j\u00e4seneksi - Finland (FI)<\/title>\n<meta name=\"robots\" content=\"noindex, follow, max-snippet:-1, max-image-preview:large, max-video-preview:-1\" \/>\n<meta property=\"og:locale\" content=\"fi_FI\" \/>\n<meta property=\"og:type\" content=\"article\" \/>\n<meta property=\"og:title\" content=\"Liity j\u00e4seneksi - Finland (FI)\" \/>\n<meta property=\"og:url\" content=\"http:\/\/erp.hosting125804.a2fe2.netcup.net\/fi-fi\/teista\/liity-jaseneksi\/\" \/>\n<meta property=\"og:site_name\" content=\"Finland (FI)\" \/>\n<meta property=\"article:modified_time\" content=\"2022-12-29T09:41:50+00:00\" \/>\n<meta property=\"og:image\" content=\"http:\/\/erp.hosting125804.a2fe2.netcup.net\/fi-fi\/wp-content\/uploads\/sites\/37\/2022\/12\/ERP-Global-Who-are-you-woman.jpg\" \/>\n\t<meta property=\"og:image:width\" content=\"1800\" \/>\n\t<meta property=\"og:image:height\" content=\"905\" \/>\n\t<meta property=\"og:image:type\" content=\"image\/jpeg\" \/>\n<meta name=\"twitter:card\" content=\"summary_large_image\" \/>\n<meta name=\"twitter:label1\" content=\"Arvioitu lukuaika\" \/>\n\t<meta name=\"twitter:data1\" content=\"10 minuuttia\" \/>\n<script type=\"application\/ld+json\" class=\"yoast-schema-graph\">{\"@context\":\"https:\/\/schema.org\",\"@graph\":[{\"@type\":\"WebPage\",\"@id\":\"http:\/\/erp.hosting125804.a2fe2.netcup.net\/fi-fi\/teista\/liity-jaseneksi\/\",\"url\":\"http:\/\/erp.hosting125804.a2fe2.netcup.net\/fi-fi\/teista\/liity-jaseneksi\/\",\"name\":\"Liity j\u00e4seneksi - Finland (FI)\",\"isPartOf\":{\"@id\":\"http:\/\/erp.hosting125804.a2fe2.netcup.net\/fi-fi\/#website\"},\"datePublished\":\"2022-12-16T14:57:38+00:00\",\"dateModified\":\"2022-12-29T09:41:50+00:00\",\"breadcrumb\":{\"@id\":\"http:\/\/erp.hosting125804.a2fe2.netcup.net\/fi-fi\/teista\/liity-jaseneksi\/#breadcrumb\"},\"inLanguage\":\"fi\",\"potentialAction\":[{\"@type\":\"ReadAction\",\"target\":[\"http:\/\/erp.hosting125804.a2fe2.netcup.net\/fi-fi\/teista\/liity-jaseneksi\/\"]}]},{\"@type\":\"BreadcrumbList\",\"@id\":\"http:\/\/erp.hosting125804.a2fe2.netcup.net\/fi-fi\/teista\/liity-jaseneksi\/#breadcrumb\",\"itemListElement\":[{\"@type\":\"ListItem\",\"position\":1,\"name\":\"Etusivu\",\"item\":\"http:\/\/erp.hosting125804.a2fe2.netcup.net\/fi-fi\/\"},{\"@type\":\"ListItem\",\"position\":2,\"name\":\"Teist\u00e4\",\"item\":\"http:\/\/erp.hosting125804.a2fe2.netcup.net\/fi-fi\/teista\/\"},{\"@type\":\"ListItem\",\"position\":3,\"name\":\"Liity j\u00e4seneksi\"}]},{\"@type\":\"WebSite\",\"@id\":\"http:\/\/erp.hosting125804.a2fe2.netcup.net\/fi-fi\/#website\",\"url\":\"http:\/\/erp.hosting125804.a2fe2.netcup.net\/fi-fi\/\",\"name\":\"Finland (FI)\",\"description\":\"A company of the Landbell Group\",\"potentialAction\":[{\"@type\":\"SearchAction\",\"target\":{\"@type\":\"EntryPoint\",\"urlTemplate\":\"http:\/\/erp.hosting125804.a2fe2.netcup.net\/fi-fi\/?s={search_term_string}\"},\"query-input\":\"required name=search_term_string\"}],\"inLanguage\":\"fi\"}]}<\/script>\n<!-- \/ Yoast SEO plugin. -->","yoast_head_json":{"title":"Liity j\u00e4seneksi - Finland (FI)","robots":{"index":"noindex","follow":"follow","max-snippet":"max-snippet:-1","max-image-preview":"max-image-preview:large","max-video-preview":"max-video-preview:-1"},"og_locale":"fi_FI","og_type":"article","og_title":"Liity j\u00e4seneksi - Finland (FI)","og_url":"http:\/\/erp.hosting125804.a2fe2.netcup.net\/fi-fi\/teista\/liity-jaseneksi\/","og_site_name":"Finland (FI)","article_modified_time":"2022-12-29T09:41:50+00:00","og_image":[{"width":1800,"height":905,"url":"http:\/\/erp.hosting125804.a2fe2.netcup.net\/fi-fi\/wp-content\/uploads\/sites\/37\/2022\/12\/ERP-Global-Who-are-you-woman.jpg","type":"image\/jpeg"}],"twitter_card":"summary_large_image","twitter_misc":{"Arvioitu lukuaika":"10 minuuttia"},"schema":{"@context":"https:\/\/schema.org","@graph":[{"@type":"WebPage","@id":"http:\/\/erp.hosting125804.a2fe2.netcup.net\/fi-fi\/teista\/liity-jaseneksi\/","url":"http:\/\/erp.hosting125804.a2fe2.netcup.net\/fi-fi\/teista\/liity-jaseneksi\/","name":"Liity j\u00e4seneksi - Finland (FI)","isPartOf":{"@id":"http:\/\/erp.hosting125804.a2fe2.netcup.net\/fi-fi\/#website"},"datePublished":"2022-12-16T14:57:38+00:00","dateModified":"2022-12-29T09:41:50+00:00","breadcrumb":{"@id":"http:\/\/erp.hosting125804.a2fe2.netcup.net\/fi-fi\/teista\/liity-jaseneksi\/#breadcrumb"},"inLanguage":"fi","potentialAction":[{"@type":"ReadAction","target":["http:\/\/erp.hosting125804.a2fe2.netcup.net\/fi-fi\/teista\/liity-jaseneksi\/"]}]},{"@type":"BreadcrumbList","@id":"http:\/\/erp.hosting125804.a2fe2.netcup.net\/fi-fi\/teista\/liity-jaseneksi\/#breadcrumb","itemListElement":[{"@type":"ListItem","position":1,"name":"Etusivu","item":"http:\/\/erp.hosting125804.a2fe2.netcup.net\/fi-fi\/"},{"@type":"ListItem","position":2,"name":"Teist\u00e4","item":"http:\/\/erp.hosting125804.a2fe2.netcup.net\/fi-fi\/teista\/"},{"@type":"ListItem","position":3,"name":"Liity j\u00e4seneksi"}]},{"@type":"WebSite","@id":"http:\/\/erp.hosting125804.a2fe2.netcup.net\/fi-fi\/#website","url":"http:\/\/erp.hosting125804.a2fe2.netcup.net\/fi-fi\/","name":"Finland (FI)","description":"A company of the Landbell Group","potentialAction":[{"@type":"SearchAction","target":{"@type":"EntryPoint","urlTemplate":"http:\/\/erp.hosting125804.a2fe2.netcup.net\/fi-fi\/?s={search_term_string}"},"query-input":"required name=search_term_string"}],"inLanguage":"fi"}]}},"_links":{"self":[{"href":"http:\/\/erp.hosting125804.a2fe2.netcup.net\/fi-fi\/wp-json\/wp\/v2\/pages\/8756"}],"collection":[{"href":"http:\/\/erp.hosting125804.a2fe2.netcup.net\/fi-fi\/wp-json\/wp\/v2\/pages"}],"about":[{"href":"http:\/\/erp.hosting125804.a2fe2.netcup.net\/fi-fi\/wp-json\/wp\/v2\/types\/page"}],"author":[{"embeddable":true,"href":"http:\/\/erp.hosting125804.a2fe2.netcup.net\/fi-fi\/wp-json\/wp\/v2\/users\/1"}],"replies":[{"embeddable":true,"href":"http:\/\/erp.hosting125804.a2fe2.netcup.net\/fi-fi\/wp-json\/wp\/v2\/comments?post=8756"}],"version-history":[{"count":3,"href":"http:\/\/erp.hosting125804.a2fe2.netcup.net\/fi-fi\/wp-json\/wp\/v2\/pages\/8756\/revisions"}],"predecessor-version":[{"id":8873,"href":"http:\/\/erp.hosting125804.a2fe2.netcup.net\/fi-fi\/wp-json\/wp\/v2\/pages\/8756\/revisions\/8873"}],"up":[{"embeddable":true,"href":"http:\/\/erp.hosting125804.a2fe2.netcup.net\/fi-fi\/wp-json\/wp\/v2\/pages\/5116"}],"wp:featuredmedia":[{"embeddable":true,"href":"http:\/\/erp.hosting125804.a2fe2.netcup.net\/fi-fi\/wp-json\/wp\/v2\/media\/7493"}],"wp:attachment":[{"href":"http:\/\/erp.hosting125804.a2fe2.netcup.net\/fi-fi\/wp-json\/wp\/v2\/media?parent=8756"}],"curies":[{"name":"wp","href":"https:\/\/api.w.org\/{rel}","templated":true}]}}