{"id":9234,"date":"2022-12-19T16:13:39","date_gmt":"2022-12-19T15:13:39","guid":{"rendered":"http:\/\/erp.hosting125804.a2fe2.netcup.net\/es-es\/?page_id=9234"},"modified":"2022-12-19T16:15:10","modified_gmt":"2022-12-19T15:15:10","slug":"dispositivos-que-contienen-datos","status":"publish","type":"page","link":"http:\/\/erp.hosting125804.a2fe2.netcup.net\/es-es\/dispositivos-que-contienen-datos\/","title":{"rendered":"Declaraci\u00f3n de privacidad relativa a los Dispositivos que contienen datos"},"content":{"rendered":"<p><div class=\"fusion-fullwidth fullwidth-box fusion-builder-row-1 fusion-flex-container has-pattern-background has-mask-background fusion-parallax-none page-hero nonhundred-percent-fullwidth non-hundred-percent-height-scrolling\" style=\"background-color: var(--awb-color7);background-image: url(&quot;http:\/\/erp.hosting125804.a2fe2.netcup.net\/es-es\/wp-content\/uploads\/sites\/56\/2022\/12\/ERP-Global-Position-Papers-Header.jpg&quot;);background-position: center center;background-repeat: no-repeat;border-width: 0px 0px 0px 0px;border-color:#eae9e9;border-style:solid;-webkit-background-size:cover;-moz-background-size:cover;-o-background-size:cover;background-size:cover;\" ><div class=\"fusion-builder-row fusion-row fusion-flex-align-items-flex-start\" style=\"max-width:1456px;margin-left: calc(-4% \/ 2 );margin-right: calc(-4% \/ 2 );\"><\/div><style type=\"text\/css\">.fusion-body .fusion-flex-container.fusion-builder-row-1{ padding-top : 12vh;margin-top : 0;padding-right : 0px;padding-bottom : 12vh;margin-bottom : 0;padding-left : 0px;min-height:510px;}@media only screen and (max-width:640px) {.fusion-body .fusion-flex-container.fusion-builder-row-1{ min-height:250px;}}<\/style><\/div><div class=\"fusion-fullwidth fullwidth-box fusion-builder-row-2 fusion-flex-container has-pattern-background has-mask-background nonhundred-percent-fullwidth non-hundred-percent-height-scrolling\" style=\"background-color: rgba(255,255,255,0);background-position: center center;background-repeat: no-repeat;border-width: 0px 0px 0px 0px;border-color:#eae9e9;border-style:solid;\" ><div class=\"fusion-builder-row fusion-row fusion-flex-align-items-flex-start\" style=\"max-width:1456px;margin-left: calc(-4% \/ 2 );margin-right: calc(-4% \/ 2 );\"><div class=\"fusion-layout-column fusion_builder_column fusion-builder-column-0 fusion_builder_column_1_1 1_1 fusion-flex-column\"><div class=\"fusion-column-wrapper fusion-flex-justify-content-flex-start fusion-content-layout-column\" style=\"background-position:left top;background-repeat:no-repeat;-webkit-background-size:cover;-moz-background-size:cover;-o-background-size:cover;background-size:cover;padding: 0px 0px 0px 0px;\"><style type=\"text\/css\">.fusion-breadcrumbs.fusion-breadcrumbs-1{font-size:20px;}.fusion-breadcrumbs.fusion-breadcrumbs-1 span a:hover{color:var(--awb-color6) !important;}.fusion-breadcrumbs.fusion-breadcrumbs-1{color:rgba(35,35,35,0.5);}.fusion-breadcrumbs.fusion-breadcrumbs-1 a{color:rgba(35,35,35,0.5);}<\/style><div class=\"fusion-breadcrumbs fusion-breadcrumbs-1\"><span><span><a href=\"http:\/\/erp.hosting125804.a2fe2.netcup.net\/es-es\/\">Frontpage<\/a><\/span><\/span><\/div><\/div><style type=\"text\/css\">.fusion-body .fusion-builder-column-0{width:100% !important;margin-top : 0px;margin-bottom : 20px;}.fusion-builder-column-0 > .fusion-column-wrapper {padding-top : 0px !important;padding-right : 0px !important;margin-right : 1.92%;padding-bottom : 0px !important;padding-left : 0px !important;margin-left : 1.92%;}@media only screen and (max-width:1024px) {.fusion-body .fusion-builder-column-0{width:100% !important;order : 0;}.fusion-builder-column-0 > .fusion-column-wrapper {margin-right : 1.92%;margin-left : 1.92%;}}@media only screen and (max-width:640px) {.fusion-body .fusion-builder-column-0{width:100% !important;order : 0;}.fusion-builder-column-0 > .fusion-column-wrapper {margin-right : 1.92%;margin-left : 1.92%;}}<\/style><\/div><\/div><style type=\"text\/css\">.fusion-body .fusion-flex-container.fusion-builder-row-2{ padding-top : 0px;margin-top : 40px;padding-right : 0px;padding-bottom : 0px;margin-bottom : 40px;padding-left : 0px;}<\/style><\/div><div class=\"fusion-fullwidth fullwidth-box fusion-builder-row-3 fusion-flex-container has-pattern-background has-mask-background nonhundred-percent-fullwidth non-hundred-percent-height-scrolling\" style=\"background-color: rgba(255,255,255,0);background-position: center center;background-repeat: no-repeat;border-width: 0px 0px 0px 0px;border-color:#eae9e9;border-style:solid;\" ><div class=\"fusion-builder-row fusion-row fusion-flex-align-items-flex-start\" style=\"max-width:1456px;margin-left: calc(-4% \/ 2 );margin-right: calc(-4% \/ 2 );\"><div class=\"fusion-layout-column fusion_builder_column fusion-builder-column-1 fusion_builder_column_3_4 3_4 fusion-flex-column links-underline\"><div class=\"fusion-column-wrapper fusion-flex-justify-content-flex-start fusion-content-layout-column\" style=\"background-position:left top;background-repeat:no-repeat;-webkit-background-size:cover;-moz-background-size:cover;-o-background-size:cover;background-size:cover;padding: 0px 0px 0px 0px;\"><style type=\"text\/css\">@media only screen and (max-width:1024px) {.fusion-title.fusion-title-1{margin-top:0px!important; margin-right:!important;margin-bottom:30px!important;margin-left:!important;}}<\/style><div class=\"fusion-title title fusion-title-1 fusion-title-text fusion-title-size-one\" style=\"margin-top:0px;margin-bottom:30px;\"><div class=\"title-sep-container title-sep-container-left fusion-no-large-visibility fusion-no-medium-visibility fusion-no-small-visibility\"><div class=\"title-sep sep-\" style=\"border-color:var(--awb-color3);\"><\/div><\/div><span class=\"awb-title-spacer fusion-no-large-visibility fusion-no-medium-visibility fusion-no-small-visibility\"><\/span><h1 class=\"title-heading-left fusion-responsive-typography-calculated\" style=\"margin:0;text-transform:none;--fontSize:100;line-height:1.2;\">Declaraci\u00f3n de privacidad relativa a los Dispositivos que contienen datos<\/h1><span class=\"awb-title-spacer\"><\/span><div class=\"title-sep-container title-sep-container-right\"><div class=\"title-sep sep-\" style=\"border-color:var(--awb-color3);\"><\/div><\/div><\/div><div class=\"fusion-text fusion-text-1\"><p>European Recycling Platform, ERP SAS, Sucursal en Espa\u00f1a (\u00ab<strong>ERP<\/strong>\u00bb, \u00ab<strong>nosotros<\/strong>\u00bb o cualquier referencia a la primera persona del plural) se encarga de recoger y reciclar residuos de aparatos el\u00e9ctricos y electr\u00f3nicos. Esta declaraci\u00f3n de privacidad ser\u00e1 de aplicaci\u00f3n a cualquier persona viva (\u00ab<strong>usted<\/strong>\u00bb) cuyos datos personales se encuentren en los equipos electr\u00f3nicos y otros residuos electr\u00f3nicos (\u00abDispositivos que contienen datos\u00bb) de los que se nos haga entrega por parte de terceros, bien para su reutilizaci\u00f3n, su valorizaci\u00f3n o su eliminaci\u00f3n como residuo. Dado que no conocemos su identidad, no podemos hacerle entrega de esta declaraci\u00f3n de privacidad; no obstante, el art\u00edculo 14(5) del RGPD nos permite cumplir nuestras obligaciones publicando esta declaraci\u00f3n de privacidad.<\/p>\n<p>No tenemos intenci\u00f3n de procesar sus datos personales, y preferimos que siga nuestras recomendaciones y borre de forma permanente todos los datos personales de los Dispositivos que contienen datos antes de que estos lleguen a nuestras manos. Si opta por no borrar los datos personales en el Dispositivo que contiene datos que se nos entrega a nosotros, podr\u00edamos tener la posibilidad de acceder a cualesquiera datos que se encuentren en este dispositivo. Cuando el Dispositivo que contiene datos y del que nos hace entrega contiene datos personales referidos a terceras personas, le pedimos que no nos lo haga llegar sin antes asegurarse de que el borrado o la destrucci\u00f3n de estos datos est\u00e1 permitido por la legislaci\u00f3n aplicable.<\/p>\n<p>Recogemos Dispositivos que contienen datos \u00fanicamente con el fin de procesarlos para su reutilizaci\u00f3n (por parte de entidades de reutilizaci\u00f3n que cuentan con las autorizaciones de acuerdo con las normativas pertinentes) o para su reciclaje por parte de nuestros proveedores. Nuestros procesos cotidianos no incluyen el acceso a los Dispositivos que contienen datos ni a los datos personales que estos contienen. En todo momento, el \u00fanico procesamiento al que sometemos los datos personales que se encuentren en un Dispositivo que contiene datos ser\u00e1 el borrado permanente (en caso de que el Dispositivo que contiene datos sea apto para su reutilizaci\u00f3n) o la destrucci\u00f3n (en caso de que el Dispositivo que contiene datos se desmantele y sus partes se reciclen); estos se llevar\u00e1n a cabo en las instalaciones de nuestro proveedor, que no procesa en ning\u00fan caso los datos que se encuentran en los Dispositivos que contienen datos en nuestro nombre. Utilizamos una serie de tecnolog\u00edas de seguridad y procedimientos operativos para proteger su informaci\u00f3n personal y evitar que, por accidente, se modifique, haga p\u00fablica, pierda, utilice o se acceda a ella de forma no autorizada. No obstante, si, contraviniendo nuestras recomendaciones, ha entregado Datos personales referidos a usted o a terceros, nosotros quedaremos eximidos de responsabilidad alguna por cualquier procesamiento no autorizado de sus datos con fines espurios.<\/p>\n<p>Dado que nuestro procesamiento de los datos personales incluidos en los Dispositivos que contienen datos no requiere la identificaci\u00f3n de los titulares de los datos, no estamos obligados a (a) mantener, obtener o procesar informaci\u00f3n adicional para facilitar la identificaci\u00f3n de dichos titulares, ni (b) garantizarle derechos de acceso, rectificaci\u00f3n, cancelaci\u00f3n, limitaci\u00f3n del procesamiento o portabilidad. Dada la naturaleza de nuestras actividades y el volumen de Dispositivos que contienen datos que procesamos, es, en cualquier caso, pr\u00e1cticamente imposible identificar a un individuo concreto a partir de los Dispositivos que contienen datos que est\u00e1n en nuestro poder, incluso en el caso de que nos facilite informaci\u00f3n adicional.<\/p>\n<p>Si tiene preguntas sobre la protecci\u00f3n de datos, estaremos encantados de responderlas: <a href=\"mailto:dataprivacy@landbellgroup.com\">dataprivacy@landbellgroup.com<\/a>.<\/p>\n<p>Nos reservamos el derecho a modificar y actualizar la presente Pol\u00edtica de privacidad cuando lo consideremos oportuno a fin de reflejar las circunstancias actuales. Le recomendamos, por tanto, que revise de forma habitual la presente Declaraci\u00f3n de privacidad para mantenerse actualizado. Cuando as\u00ed se exija desde un punto de vista jur\u00eddico, tambi\u00e9n le informaremos sobre las modificaciones o actualizaciones que haya experimentado la presente Pol\u00edtica de privacidad. La \u00faltima versi\u00f3n de la presente Declaraci\u00f3n de privacidad se actualiz\u00f3 el septiembre 7, 2020<\/p>\n<\/div><\/div><style type=\"text\/css\">.fusion-body .fusion-builder-column-1{width:75% !important;margin-top : 0px;margin-bottom : 20px;}.fusion-builder-column-1 > .fusion-column-wrapper {padding-top : 0px !important;padding-right : 0px !important;margin-right : 2.56%;padding-bottom : 0px !important;padding-left : 0px !important;margin-left : 2.56%;}@media only screen and (max-width:1024px) {.fusion-body .fusion-builder-column-1{width:100% !important;order : 0;}.fusion-builder-column-1 > .fusion-column-wrapper {margin-right : 1.92%;margin-left : 1.92%;}}@media only screen and (max-width:640px) {.fusion-body .fusion-builder-column-1{width:100% !important;order : 0;}.fusion-builder-column-1 > .fusion-column-wrapper {margin-right : 1.92%;margin-left : 1.92%;}}<\/style><\/div><\/div><style type=\"text\/css\">.fusion-body .fusion-flex-container.fusion-builder-row-3{ padding-top : 0px;margin-top : 0px;padding-right : 0px;padding-bottom : 12vh;margin-bottom : 0px;padding-left : 0px;}<\/style><\/div><div class=\"fusion-fullwidth fullwidth-box fusion-builder-row-4 fusion-flex-container has-pattern-background has-mask-background nonhundred-percent-fullwidth non-hundred-percent-height-scrolling fusion-custom-z-index fusion-absolute-container fusion-absolute-position-small fusion-absolute-position-medium fusion-absolute-position-large\" style=\"background-color: rgba(255,255,255,0);background-position: center center;background-repeat: no-repeat;border-width: 0px 0px 0px 0px;border-color:#eae9e9;border-style:solid;\" ><div class=\"fusion-builder-row fusion-row fusion-flex-align-items-flex-start fusion-flex-justify-content-flex-end\" style=\"max-width:1456px;margin-left: calc(-4% \/ 2 );margin-right: calc(-4% \/ 2 );\"><div class=\"fusion-layout-column fusion_builder_column fusion-builder-column-2 fusion_builder_column_1_4 1_4 fusion-flex-column\"><div class=\"fusion-column-wrapper fusion-flex-justify-content-flex-start fusion-content-layout-column\" style=\"background-position:left top;background-repeat:no-repeat;-webkit-background-size:cover;-moz-background-size:cover;-o-background-size:cover;background-size:cover;padding: 0px 0px 0px 0px;\"><a class=\"square-member\" href=\"\/es-es\/contacto\/\">Adherirse<br> \na ERP<br>Espa\u00f1a<\/a><\/div><style type=\"text\/css\">.fusion-body .fusion-builder-column-2{width:25% !important;margin-top : 0px;margin-bottom : 20px;}.fusion-builder-column-2 > .fusion-column-wrapper {padding-top : 0px !important;padding-right : 0px !important;margin-right : 7.68%;padding-bottom : 0px !important;padding-left : 0px !important;margin-left : 7.68%;}@media only screen and (max-width:1024px) {.fusion-body .fusion-builder-column-2{width:100% !important;order : 0;}.fusion-builder-column-2 > .fusion-column-wrapper {margin-right : 1.92%;margin-left : 1.92%;}}@media only screen and (max-width:640px) {.fusion-body .fusion-builder-column-2{width:100% !important;order : 0;}.fusion-builder-column-2 > .fusion-column-wrapper {margin-right : 1.92%;margin-left : 1.92%;}}<\/style><\/div><\/div><style type=\"text\/css\">.fusion-fullwidth.fusion-builder-row-4 { z-index:999 !important; }.fusion-body .fusion-flex-container.fusion-builder-row-4{ padding-top : 0px;margin-top : 0px;padding-right : 0px;padding-bottom : 0px;margin-bottom : 0px;padding-left : 0px;}<\/style><\/div>\n<\/p>\n","protected":false},"excerpt":{"rendered":"","protected":false},"author":1,"featured_media":7018,"parent":0,"menu_order":0,"comment_status":"closed","ping_status":"open","template":"100-width.php","meta":{"_crosspost_to_1":false,"_mi_skip_tracking":false,"footnotes":""},"acf":[],"yoast_head":"<!-- This site is optimized with the Yoast SEO plugin v20.4 - https:\/\/yoast.com\/wordpress\/plugins\/seo\/ -->\n<title>Declaraci\u00f3n de privacidad relativa a los Dispositivos que contienen datos - Spain (ES)<\/title>\n<meta name=\"robots\" content=\"noindex, follow, max-snippet:-1, max-image-preview:large, max-video-preview:-1\" \/>\n<meta property=\"og:locale\" content=\"es_ES\" \/>\n<meta property=\"og:type\" content=\"article\" \/>\n<meta property=\"og:title\" content=\"Declaraci\u00f3n de privacidad relativa a los Dispositivos que contienen datos - Spain (ES)\" \/>\n<meta property=\"og:url\" content=\"http:\/\/erp.hosting125804.a2fe2.netcup.net\/es-es\/dispositivos-que-contienen-datos\/\" \/>\n<meta property=\"og:site_name\" content=\"Spain (ES)\" \/>\n<meta property=\"article:modified_time\" content=\"2022-12-19T15:15:10+00:00\" \/>\n<meta property=\"og:image\" content=\"http:\/\/erp.hosting125804.a2fe2.netcup.net\/es-es\/wp-content\/uploads\/sites\/56\/2022\/12\/ERP-Global-Position-Papers-Header.jpg\" \/>\n\t<meta property=\"og:image:width\" content=\"1800\" \/>\n\t<meta property=\"og:image:height\" content=\"1200\" \/>\n\t<meta property=\"og:image:type\" content=\"image\/jpeg\" \/>\n<meta name=\"twitter:card\" content=\"summary_large_image\" \/>\n<meta name=\"twitter:label1\" content=\"Tiempo de lectura\" \/>\n\t<meta name=\"twitter:data1\" content=\"9 minutos\" \/>\n<script type=\"application\/ld+json\" class=\"yoast-schema-graph\">{\"@context\":\"https:\/\/schema.org\",\"@graph\":[{\"@type\":\"WebPage\",\"@id\":\"http:\/\/erp.hosting125804.a2fe2.netcup.net\/es-es\/dispositivos-que-contienen-datos\/\",\"url\":\"http:\/\/erp.hosting125804.a2fe2.netcup.net\/es-es\/dispositivos-que-contienen-datos\/\",\"name\":\"Declaraci\u00f3n de privacidad relativa a los Dispositivos que contienen datos - Spain (ES)\",\"isPartOf\":{\"@id\":\"http:\/\/erp.hosting125804.a2fe2.netcup.net\/es-es\/#website\"},\"datePublished\":\"2022-12-19T15:13:39+00:00\",\"dateModified\":\"2022-12-19T15:15:10+00:00\",\"breadcrumb\":{\"@id\":\"http:\/\/erp.hosting125804.a2fe2.netcup.net\/es-es\/dispositivos-que-contienen-datos\/#breadcrumb\"},\"inLanguage\":\"es\",\"potentialAction\":[{\"@type\":\"ReadAction\",\"target\":[\"http:\/\/erp.hosting125804.a2fe2.netcup.net\/es-es\/dispositivos-que-contienen-datos\/\"]}]},{\"@type\":\"BreadcrumbList\",\"@id\":\"http:\/\/erp.hosting125804.a2fe2.netcup.net\/es-es\/dispositivos-que-contienen-datos\/#breadcrumb\",\"itemListElement\":[{\"@type\":\"ListItem\",\"position\":1,\"name\":\"Frontpage\",\"item\":\"http:\/\/erp.hosting125804.a2fe2.netcup.net\/es-es\/\"},{\"@type\":\"ListItem\",\"position\":2,\"name\":\"Declaraci\u00f3n de privacidad relativa a los Dispositivos que contienen datos\"}]},{\"@type\":\"WebSite\",\"@id\":\"http:\/\/erp.hosting125804.a2fe2.netcup.net\/es-es\/#website\",\"url\":\"http:\/\/erp.hosting125804.a2fe2.netcup.net\/es-es\/\",\"name\":\"Spain (ES)\",\"description\":\"A company of the Landbell Group\",\"potentialAction\":[{\"@type\":\"SearchAction\",\"target\":{\"@type\":\"EntryPoint\",\"urlTemplate\":\"http:\/\/erp.hosting125804.a2fe2.netcup.net\/es-es\/?s={search_term_string}\"},\"query-input\":\"required name=search_term_string\"}],\"inLanguage\":\"es\"}]}<\/script>\n<!-- \/ Yoast SEO plugin. -->","yoast_head_json":{"title":"Declaraci\u00f3n de privacidad relativa a los Dispositivos que contienen datos - Spain (ES)","robots":{"index":"noindex","follow":"follow","max-snippet":"max-snippet:-1","max-image-preview":"max-image-preview:large","max-video-preview":"max-video-preview:-1"},"og_locale":"es_ES","og_type":"article","og_title":"Declaraci\u00f3n de privacidad relativa a los Dispositivos que contienen datos - Spain (ES)","og_url":"http:\/\/erp.hosting125804.a2fe2.netcup.net\/es-es\/dispositivos-que-contienen-datos\/","og_site_name":"Spain (ES)","article_modified_time":"2022-12-19T15:15:10+00:00","og_image":[{"width":1800,"height":1200,"url":"http:\/\/erp.hosting125804.a2fe2.netcup.net\/es-es\/wp-content\/uploads\/sites\/56\/2022\/12\/ERP-Global-Position-Papers-Header.jpg","type":"image\/jpeg"}],"twitter_card":"summary_large_image","twitter_misc":{"Tiempo de lectura":"9 minutos"},"schema":{"@context":"https:\/\/schema.org","@graph":[{"@type":"WebPage","@id":"http:\/\/erp.hosting125804.a2fe2.netcup.net\/es-es\/dispositivos-que-contienen-datos\/","url":"http:\/\/erp.hosting125804.a2fe2.netcup.net\/es-es\/dispositivos-que-contienen-datos\/","name":"Declaraci\u00f3n de privacidad relativa a los Dispositivos que contienen datos - Spain (ES)","isPartOf":{"@id":"http:\/\/erp.hosting125804.a2fe2.netcup.net\/es-es\/#website"},"datePublished":"2022-12-19T15:13:39+00:00","dateModified":"2022-12-19T15:15:10+00:00","breadcrumb":{"@id":"http:\/\/erp.hosting125804.a2fe2.netcup.net\/es-es\/dispositivos-que-contienen-datos\/#breadcrumb"},"inLanguage":"es","potentialAction":[{"@type":"ReadAction","target":["http:\/\/erp.hosting125804.a2fe2.netcup.net\/es-es\/dispositivos-que-contienen-datos\/"]}]},{"@type":"BreadcrumbList","@id":"http:\/\/erp.hosting125804.a2fe2.netcup.net\/es-es\/dispositivos-que-contienen-datos\/#breadcrumb","itemListElement":[{"@type":"ListItem","position":1,"name":"Frontpage","item":"http:\/\/erp.hosting125804.a2fe2.netcup.net\/es-es\/"},{"@type":"ListItem","position":2,"name":"Declaraci\u00f3n de privacidad relativa a los Dispositivos que contienen datos"}]},{"@type":"WebSite","@id":"http:\/\/erp.hosting125804.a2fe2.netcup.net\/es-es\/#website","url":"http:\/\/erp.hosting125804.a2fe2.netcup.net\/es-es\/","name":"Spain (ES)","description":"A company of the Landbell Group","potentialAction":[{"@type":"SearchAction","target":{"@type":"EntryPoint","urlTemplate":"http:\/\/erp.hosting125804.a2fe2.netcup.net\/es-es\/?s={search_term_string}"},"query-input":"required name=search_term_string"}],"inLanguage":"es"}]}},"_links":{"self":[{"href":"http:\/\/erp.hosting125804.a2fe2.netcup.net\/es-es\/wp-json\/wp\/v2\/pages\/9234"}],"collection":[{"href":"http:\/\/erp.hosting125804.a2fe2.netcup.net\/es-es\/wp-json\/wp\/v2\/pages"}],"about":[{"href":"http:\/\/erp.hosting125804.a2fe2.netcup.net\/es-es\/wp-json\/wp\/v2\/types\/page"}],"author":[{"embeddable":true,"href":"http:\/\/erp.hosting125804.a2fe2.netcup.net\/es-es\/wp-json\/wp\/v2\/users\/1"}],"replies":[{"embeddable":true,"href":"http:\/\/erp.hosting125804.a2fe2.netcup.net\/es-es\/wp-json\/wp\/v2\/comments?post=9234"}],"version-history":[{"count":2,"href":"http:\/\/erp.hosting125804.a2fe2.netcup.net\/es-es\/wp-json\/wp\/v2\/pages\/9234\/revisions"}],"predecessor-version":[{"id":9238,"href":"http:\/\/erp.hosting125804.a2fe2.netcup.net\/es-es\/wp-json\/wp\/v2\/pages\/9234\/revisions\/9238"}],"wp:featuredmedia":[{"embeddable":true,"href":"http:\/\/erp.hosting125804.a2fe2.netcup.net\/es-es\/wp-json\/wp\/v2\/media\/7018"}],"wp:attachment":[{"href":"http:\/\/erp.hosting125804.a2fe2.netcup.net\/es-es\/wp-json\/wp\/v2\/media?parent=9234"}],"curies":[{"name":"wp","href":"https:\/\/api.w.org\/{rel}","templated":true}]}}