{"id":9228,"date":"2022-12-19T16:10:14","date_gmt":"2022-12-19T15:10:14","guid":{"rendered":"http:\/\/erp.hosting125804.a2fe2.netcup.net\/es-es\/?page_id=9228"},"modified":"2022-12-19T16:11:20","modified_gmt":"2022-12-19T15:11:20","slug":"terminos-y-condiciones","status":"publish","type":"page","link":"http:\/\/erp.hosting125804.a2fe2.netcup.net\/es-es\/terminos-y-condiciones\/","title":{"rendered":"T\u00e9rminos y condiciones del sitio WEB"},"content":{"rendered":"<p><div class=\"fusion-fullwidth fullwidth-box fusion-builder-row-1 fusion-flex-container has-pattern-background has-mask-background fusion-parallax-none page-hero nonhundred-percent-fullwidth non-hundred-percent-height-scrolling\" style=\"background-color: var(--awb-color7);background-image: url(&quot;http:\/\/erp.hosting125804.a2fe2.netcup.net\/es-es\/wp-content\/uploads\/sites\/56\/2022\/12\/ERP-Global-Position-Papers-Header.jpg&quot;);background-position: center center;background-repeat: no-repeat;border-width: 0px 0px 0px 0px;border-color:#eae9e9;border-style:solid;-webkit-background-size:cover;-moz-background-size:cover;-o-background-size:cover;background-size:cover;\" ><div class=\"fusion-builder-row fusion-row fusion-flex-align-items-flex-start\" style=\"max-width:1456px;margin-left: calc(-4% \/ 2 );margin-right: calc(-4% \/ 2 );\"><\/div><style type=\"text\/css\">.fusion-body .fusion-flex-container.fusion-builder-row-1{ padding-top : 12vh;margin-top : 0;padding-right : 0px;padding-bottom : 12vh;margin-bottom : 0;padding-left : 0px;min-height:510px;}@media only screen and (max-width:640px) {.fusion-body .fusion-flex-container.fusion-builder-row-1{ min-height:250px;}}<\/style><\/div><div class=\"fusion-fullwidth fullwidth-box fusion-builder-row-2 fusion-flex-container has-pattern-background has-mask-background nonhundred-percent-fullwidth non-hundred-percent-height-scrolling\" style=\"background-color: rgba(255,255,255,0);background-position: center center;background-repeat: no-repeat;border-width: 0px 0px 0px 0px;border-color:#eae9e9;border-style:solid;\" ><div class=\"fusion-builder-row fusion-row fusion-flex-align-items-flex-start\" style=\"max-width:1456px;margin-left: calc(-4% \/ 2 );margin-right: calc(-4% \/ 2 );\"><div class=\"fusion-layout-column fusion_builder_column fusion-builder-column-0 fusion_builder_column_1_1 1_1 fusion-flex-column\"><div class=\"fusion-column-wrapper fusion-flex-justify-content-flex-start fusion-content-layout-column\" style=\"background-position:left top;background-repeat:no-repeat;-webkit-background-size:cover;-moz-background-size:cover;-o-background-size:cover;background-size:cover;padding: 0px 0px 0px 0px;\"><style type=\"text\/css\">.fusion-breadcrumbs.fusion-breadcrumbs-1{font-size:20px;}.fusion-breadcrumbs.fusion-breadcrumbs-1 span a:hover{color:var(--awb-color6) !important;}.fusion-breadcrumbs.fusion-breadcrumbs-1{color:rgba(35,35,35,0.5);}.fusion-breadcrumbs.fusion-breadcrumbs-1 a{color:rgba(35,35,35,0.5);}<\/style><div class=\"fusion-breadcrumbs fusion-breadcrumbs-1\"><span><span><a href=\"http:\/\/erp.hosting125804.a2fe2.netcup.net\/es-es\/\">Frontpage<\/a><\/span><\/span><\/div><\/div><style type=\"text\/css\">.fusion-body .fusion-builder-column-0{width:100% !important;margin-top : 0px;margin-bottom : 20px;}.fusion-builder-column-0 > .fusion-column-wrapper {padding-top : 0px !important;padding-right : 0px !important;margin-right : 1.92%;padding-bottom : 0px !important;padding-left : 0px !important;margin-left : 1.92%;}@media only screen and (max-width:1024px) {.fusion-body .fusion-builder-column-0{width:100% !important;order : 0;}.fusion-builder-column-0 > .fusion-column-wrapper {margin-right : 1.92%;margin-left : 1.92%;}}@media only screen and (max-width:640px) {.fusion-body .fusion-builder-column-0{width:100% !important;order : 0;}.fusion-builder-column-0 > .fusion-column-wrapper {margin-right : 1.92%;margin-left : 1.92%;}}<\/style><\/div><\/div><style type=\"text\/css\">.fusion-body .fusion-flex-container.fusion-builder-row-2{ padding-top : 0px;margin-top : 40px;padding-right : 0px;padding-bottom : 0px;margin-bottom : 40px;padding-left : 0px;}<\/style><\/div><div class=\"fusion-fullwidth fullwidth-box fusion-builder-row-3 fusion-flex-container has-pattern-background has-mask-background nonhundred-percent-fullwidth non-hundred-percent-height-scrolling\" style=\"background-color: rgba(255,255,255,0);background-position: center center;background-repeat: no-repeat;border-width: 0px 0px 0px 0px;border-color:#eae9e9;border-style:solid;\" ><div class=\"fusion-builder-row fusion-row fusion-flex-align-items-flex-start\" style=\"max-width:1456px;margin-left: calc(-4% \/ 2 );margin-right: calc(-4% \/ 2 );\"><div class=\"fusion-layout-column fusion_builder_column fusion-builder-column-1 fusion_builder_column_3_4 3_4 fusion-flex-column links-underline\"><div class=\"fusion-column-wrapper fusion-flex-justify-content-flex-start fusion-content-layout-column\" style=\"background-position:left top;background-repeat:no-repeat;-webkit-background-size:cover;-moz-background-size:cover;-o-background-size:cover;background-size:cover;padding: 0px 0px 0px 0px;\"><style type=\"text\/css\">@media only screen and (max-width:1024px) {.fusion-title.fusion-title-1{margin-top:0px!important; margin-right:!important;margin-bottom:30px!important;margin-left:!important;}}<\/style><div class=\"fusion-title title fusion-title-1 fusion-title-text fusion-title-size-one\" style=\"margin-top:0px;margin-bottom:30px;\"><div class=\"title-sep-container title-sep-container-left fusion-no-large-visibility fusion-no-medium-visibility fusion-no-small-visibility\"><div class=\"title-sep sep-\" style=\"border-color:var(--awb-color3);\"><\/div><\/div><span class=\"awb-title-spacer fusion-no-large-visibility fusion-no-medium-visibility fusion-no-small-visibility\"><\/span><h1 class=\"title-heading-left fusion-responsive-typography-calculated\" style=\"margin:0;text-transform:none;--fontSize:100;line-height:1.2;\">T\u00e9rminos y condiciones del sitio WEB<\/h1><span class=\"awb-title-spacer\"><\/span><div class=\"title-sep-container title-sep-container-right\"><div class=\"title-sep sep-\" style=\"border-color:var(--awb-color3);\"><\/div><\/div><\/div><div class=\"fusion-text fusion-text-1\"><p><strong>Identificaci\u00f3n<\/strong><\/p>\n<p>Bienvenido al sitio web (el \u201cSitio\u201d) de European Recycling Platform, ERP SAS, sucursal en Espa\u00f1a y European Recycling Platform Espa\u00f1a, ERP Espa\u00f1a S.L.U. (en adelante designadas ambas como \u201cERP Espa\u00f1a\u201d), operado por ERP European Recycling Platform, ERP SAS, sucursal en Espa\u00f1a y European Recycling Platform Espa\u00f1a, ERP Espa\u00f1a S.L.U., ambas sociedades constituidas con arreglo a la legislaci\u00f3n espa\u00f1ola. ERP Espa\u00f1a se encarga de (los) sistemas de responsabilidad ampliada del productor en los \u00e1mbitos de residuos de pilas y acumuladores y de residuos de aparatos el\u00e9ctricos y electr\u00f3nicos en Espa\u00f1a.<\/p>\n<p>Sede social y direcci\u00f3n de contacto:<\/p>\n<p>EUROPEAN RECYCLING PLATFORM, ERP S.A.S. SUCURSAL EN ESPA\u00d1A<\/p>\n<p>C\/ Raimundo Fern\u00e1ndez Villaverde n\u00ba 61<\/p>\n<p>Planta 8\u00aa, Centro Izquierda<\/p>\n<p>28003 \u2013 Madrid<\/p>\n<p>CIF: W-0013970I<\/p>\n<p>\u00a0<\/p>\n<p>Sede social y direcci\u00f3n de contacto:<\/p>\n<p>EUROPEAN RECYCLING PLATFORM ESPA\u00d1A, ERP ESPA\u00d1A S.L.U.<\/p>\n<p>C\/ Raimundo Fern\u00e1ndez Villaverde n\u00ba 61<\/p>\n<p>Planta 8\u00aa, Centro Izquierda<\/p>\n<p>28003 \u2013 Madrid<\/p>\n<p>CIF: B-84979160<\/p>\n<p>\u00a0<\/p>\n<p><strong>Condiciones de uso<\/strong><\/p>\n<p>El uso del Sitio queda supeditado a la aceptaci\u00f3n por su parte de estos t\u00e9rminos y condiciones de uso (\u201cCondiciones\u201d). Nos reservamos el derecho a modificar estas condiciones en cualquier momento sin previo aviso y a nuestra discreci\u00f3n. Es su responsabilidad revisar peri\u00f3dicamente esta p\u00e1gina para conocer las actualizaciones de las presentes condiciones dado que entrar\u00e1n en vigor una vez sean publicadas en la misma. El uso continuado del Sitio por su parte supone que ha le\u00eddo, entendido y aceptado estas condiciones.<\/p>\n<p>Siempre que se haga referencia a \u201cnuestro\/a(s)\u201d, \u201cnos\u201d, \u201cnosotros\u201d o \u201cERP\u201d en estas condiciones se entender\u00e1 que hacen referencia a ERP Espa\u00f1a.<\/p>\n<p><strong>\u00a0<\/strong><\/p>\n<p><strong>1 Privacidad<\/strong><\/p>\n<p>Su derecho a la privacidad junto con la seguridad de sus datos es una de nuestras principales prioridades. Podr\u00e1 encontrar en nuestra <a href=\"https:\/\/erp-recycling.org\/es-es\/politica-de-privacidad\/\" target=\"_blank\" rel=\"noopener\">pol\u00edtica de privacidad<\/a> informaci\u00f3n acerca de c\u00f3mo gestionamos sus datos personales.<\/p>\n<p>\u00a0<\/p>\n<p><strong>2 Cookies <\/strong><\/p>\n<p>Para hacer que esta p\u00e1gina Web funcione correctamente, a veces instalamos en su aparato peque\u00f1os ficheros de datos que reciben el nombre de \u201ccookies\u201d. La mayor\u00eda de las p\u00e1ginas Web act\u00faan de la misma manera. Para saber m\u00e1s acerca de nuestras cookies, por favor acceda a nuestra <a href=\"https:\/\/erp-recycling.org\/es-es\/politica-de-cookies\/\" target=\"_blank\" rel=\"noopener\">pol\u00edtica de cookies<\/a>.<\/p>\n<p>\u00a0<\/p>\n<p><strong>3 Derechos de propiedad intelectual y confidencialidad<\/strong><\/p>\n<p>Con respecto a las leyes de propiedad intelectual, este sitio web y su contenido (marcas registradas, dise\u00f1os, fotos, textos, marcas de servicio, patentes, derechos de autor, derechos de bases de datos, etc.) son propiedad exclusiva de ERP o de terceros de quienes ERP ha obtenido un derecho de uso. El usuario en l\u00ednea no est\u00e1 autorizado a reproducir, copiar, divulgar o utilizarlos de ninguna otra manera sin el consentimiento previo de ERP. Puede visualizar este Sitio e imprimir copias de material del mismo \u00fanicamente para un uso l\u00edcito y no comercial. Todos los datos que nuestros socios empresariales introduzcan en cualquier secci\u00f3n de identificaci\u00f3n en aplicaci\u00f3n de la firma de un acuerdo quedan sujetos a las condiciones de confidencialidad contenidas en dicho acuerdo. Si elige o se le proporciona un c\u00f3digo de identificaci\u00f3n de usuario, una clave u otra informaci\u00f3n como parte de nuestros procesos de seguridad, deber\u00e1 tratar dicha informaci\u00f3n de forma confidencial y no deber\u00e1 revelarla a terceros.<\/p>\n<p>\u00a0<\/p>\n<p><strong>4 Pol\u00edtica de uso aceptable<\/strong><\/p>\n<p>No utilizar\u00e1 este Sitio ni ninguno de sus recursos y\/o servicios con un prop\u00f3sito ilegal o il\u00edcito que est\u00e9 prohibido por las presentes condiciones. No utilizar\u00e1 este Sitio de ninguna forma que pueda da\u00f1ar, inutilizar, sobrecargar o perjudicar este Sitio, los recursos y\/o servicios que est\u00e1n disponibles en el mismo o interferir en el uso del Sitio por terceros, ni sus recursos y\/o servicios. No se podr\u00e1 enlazar este Sitio o sus p\u00e1ginas con ning\u00fan otro sitio web sin nuestro consentimiento previo por escrito.<\/p>\n<p>Cuando utiliza una funcionalidad que le permite cargar material en nuestro Sitio o ponerse en contacto con otros usuarios de nuestro Sitio, garantiza que dicha contribuci\u00f3n cumple con la pol\u00edtica de uso aceptable. No podr\u00e1 utilizar este Sitio para publicar o incluir cualquier material ofensivo, indecente, pornogr\u00e1fico, difamatorio, calumnioso o censurable.<\/p>\n<p>No deber\u00e1 utilizar nuestro Sitio indebidamente introduciendo intencionadamente virus u otro material malintencionado o tecnol\u00f3gicamente perjudicial. No deber\u00e1 tratar de obtener acceso no autorizado a nuestro Sitio, al servidor en el que nuestro Sitio est\u00e1 alojado o a ning\u00fan servidor, ordenador o base de datos conectada a nuestro Sitio. Pondremos en conocimiento de las autoridades legales correspondientes cualquier incumplimiento y colaboraremos con dichas autoridades revel\u00e1ndoles su identidad.<\/p>\n<p>Tenemos derecho a bloquear el acceso o desactivar el c\u00f3digo de identificaci\u00f3n o clave de cualquier usuario, que usted haya elegido o que nosotros le hayamos atribuido, en cualquier momento, si a nuestro parecer ha incumplido cualquiera de las disposiciones de estas condiciones. Todos los dem\u00e1s derechos quedan reservados.<\/p>\n<p><strong>\u00a0<\/strong><\/p>\n<p><strong>5 Responsabilidades<\/strong><\/p>\n<p>Este Sitio est\u00e1 disponible sin declaraciones ni garant\u00edas de ning\u00fan tipo, ni de forma expresa ni impl\u00edcita, en la m\u00e1xima medida permitida por la ley aplicable. Todo uso que haga del Sitio corre por su propia cuenta. Usted asume toda la responsabilidad y todos los riesgos o p\u00e9rdidas que resulten de la utilizaci\u00f3n del Sitio. Acepta que no nos hagamos responsables de los da\u00f1os derivados de su utilizaci\u00f3n o de su inhabilidad a utilizar el Sitio, los virus o dem\u00e1s material tecnol\u00f3gico destructivo que pueda infectar su equipo inform\u00e1tico, programas inform\u00e1ticos, datos u otro material privado y por la presente renuncia a cualquier reclamaci\u00f3n sobre los mismos, ya sea contractual, extracontractual o de otra \u00edndole.<\/p>\n<p>Nos reservamos el derecho a retirar o modificar el servicio que proporcionamos en nuestro Sitio sin previo aviso. No nos hacemos responsables si por cualquier motivo nuestro Sitio no est\u00e1 disponible en alg\u00fan momento o durante alg\u00fan per\u00edodo de tiempo.<\/p>\n<p>Los comentarios u otros materiales publicados en nuestro Sitio no implican brindar consejo alguno en cuanto a la confianza ofrecida. Por lo tanto, declinamos cualquier obligaci\u00f3n y responsabilidad derivada de la confianza depositada en este tipo de material por cualquier visitante de nuestro Sitio o cualquier persona que pueda ser informada de cualquiera de sus contenidos. No nos hacemos responsables frente a terceros del contenido o exactitud de los materiales que usted o cualquier otro usuario de nuestro Sitio publique. Tenemos derecho a eliminar cualquier material o publicaci\u00f3n que incluya en nuestro Sitio si en nuestra opini\u00f3n dicho material no cumple con los est\u00e1ndares de contenido definidos en nuestra pol\u00edtica de uso aceptable.<\/p>\n<p>Usted reconoce y acepta que no tenemos ninguna responsabilidad con respecto a la informaci\u00f3n proporcionada por los sitios web de terceros a los que pueda acceder a trav\u00e9s de este Sitio (\u201cSitios Enlazados\u201d). Los enlaces a los Sitio Enlazados no constituyen una aprobaci\u00f3n por nuestra parte de su contenido, productos, publicidad u otro material presentado en los mismos, ni una asociaci\u00f3n con dichos sitios.<\/p>\n<p>\u00a0<\/p>\n<p><strong>6 Ley Aplicable<\/strong><\/p>\n<p>Estas Condiciones y cualquier litigio o reclamaci\u00f3n que surja o est\u00e9 relacionada con ellas o sus temas o formaci\u00f3n (incluyendo los litigios y reclamaciones no contractuales) y cualquier cuesti\u00f3n relacionada con este Sitio, se regir\u00e1n por las leyes de Espa\u00f1a y tanto usted como ERP se someten, cada uno, a la jurisdicci\u00f3n exclusiva de los tribunales de Espa\u00f1a.<\/p>\n<p>\u00a0<\/p>\n<p><strong>7 Contacto<\/strong><\/p>\n<p>Gestor de Publicaci\u00f3n del Sitio Web: Iago Garc\u00eda<\/p>\n<p>Para cualquier comentario o sugerencia en relaci\u00f3n con el sitio web de ERP, le rogamos se ponga en contacto con:<\/p>\n<p>ERP Espa\u00f1a<\/p>\n<p>C\/ Raimundo Fern\u00e1ndez Villaverde n\u00ba 61<\/p>\n<p>Planta 8\u00aa, Centro Izquierda<\/p>\n<p>28003 \u2013 Madrid<\/p>\n<p>empresas@erp-recycling.org<\/p>\n<p>Tel.: +34 91 806 30 42<\/p>\n<p>Fax: +34 91 804 72 95<\/p>\n<p>\u00a0<\/p>\n<p><strong>8 Hosting <\/strong><\/p>\n<p>Nombre: Aruba S.p.A<\/p>\n<p>Direcci\u00f3n: Localit\u00e0 Palazzetto n. 4, 52011 Bibbiena (AR)<\/p>\n<p>Pa\u00eds: Italia<\/p>\n<p>Email \/ Website: http: \/\/www.aruba.it<\/p>\n<\/div><\/div><style type=\"text\/css\">.fusion-body .fusion-builder-column-1{width:75% !important;margin-top : 0px;margin-bottom : 20px;}.fusion-builder-column-1 > .fusion-column-wrapper {padding-top : 0px !important;padding-right : 0px !important;margin-right : 2.56%;padding-bottom : 0px !important;padding-left : 0px !important;margin-left : 2.56%;}@media only screen and (max-width:1024px) {.fusion-body .fusion-builder-column-1{width:100% !important;order : 0;}.fusion-builder-column-1 > .fusion-column-wrapper {margin-right : 1.92%;margin-left : 1.92%;}}@media only screen and (max-width:640px) {.fusion-body .fusion-builder-column-1{width:100% !important;order : 0;}.fusion-builder-column-1 > .fusion-column-wrapper {margin-right : 1.92%;margin-left : 1.92%;}}<\/style><\/div><\/div><style type=\"text\/css\">.fusion-body .fusion-flex-container.fusion-builder-row-3{ padding-top : 0px;margin-top : 0px;padding-right : 0px;padding-bottom : 12vh;margin-bottom : 0px;padding-left : 0px;}<\/style><\/div><div class=\"fusion-fullwidth fullwidth-box fusion-builder-row-4 fusion-flex-container has-pattern-background has-mask-background nonhundred-percent-fullwidth non-hundred-percent-height-scrolling fusion-custom-z-index fusion-absolute-container fusion-absolute-position-small fusion-absolute-position-medium fusion-absolute-position-large\" style=\"background-color: rgba(255,255,255,0);background-position: center center;background-repeat: no-repeat;border-width: 0px 0px 0px 0px;border-color:#eae9e9;border-style:solid;\" ><div class=\"fusion-builder-row fusion-row fusion-flex-align-items-flex-start fusion-flex-justify-content-flex-end\" style=\"max-width:1456px;margin-left: calc(-4% \/ 2 );margin-right: calc(-4% \/ 2 );\"><div class=\"fusion-layout-column fusion_builder_column fusion-builder-column-2 fusion_builder_column_1_4 1_4 fusion-flex-column\"><div class=\"fusion-column-wrapper fusion-flex-justify-content-flex-start fusion-content-layout-column\" style=\"background-position:left top;background-repeat:no-repeat;-webkit-background-size:cover;-moz-background-size:cover;-o-background-size:cover;background-size:cover;padding: 0px 0px 0px 0px;\"><a class=\"square-member\" href=\"\/es-es\/contacto\/\">Adherirse<br> \na ERP<br>Espa\u00f1a<\/a><\/div><style type=\"text\/css\">.fusion-body .fusion-builder-column-2{width:25% !important;margin-top : 0px;margin-bottom : 20px;}.fusion-builder-column-2 > .fusion-column-wrapper {padding-top : 0px !important;padding-right : 0px !important;margin-right : 7.68%;padding-bottom : 0px !important;padding-left : 0px !important;margin-left : 7.68%;}@media only screen and (max-width:1024px) {.fusion-body .fusion-builder-column-2{width:100% !important;order : 0;}.fusion-builder-column-2 > .fusion-column-wrapper {margin-right : 1.92%;margin-left : 1.92%;}}@media only screen and (max-width:640px) {.fusion-body .fusion-builder-column-2{width:100% !important;order : 0;}.fusion-builder-column-2 > .fusion-column-wrapper {margin-right : 1.92%;margin-left : 1.92%;}}<\/style><\/div><\/div><style type=\"text\/css\">.fusion-fullwidth.fusion-builder-row-4 { z-index:999 !important; }.fusion-body .fusion-flex-container.fusion-builder-row-4{ padding-top : 0px;margin-top : 0px;padding-right : 0px;padding-bottom : 0px;margin-bottom : 0px;padding-left : 0px;}<\/style><\/div>\n<\/p>\n","protected":false},"excerpt":{"rendered":"","protected":false},"author":1,"featured_media":7018,"parent":0,"menu_order":0,"comment_status":"closed","ping_status":"open","template":"100-width.php","meta":{"_crosspost_to_1":false,"_mi_skip_tracking":false,"footnotes":""},"acf":[],"yoast_head":"<!-- This site is optimized with the Yoast SEO plugin v20.4 - https:\/\/yoast.com\/wordpress\/plugins\/seo\/ -->\n<title>T\u00e9rminos y condiciones del sitio WEB - Spain (ES)<\/title>\n<meta name=\"robots\" content=\"noindex, follow, max-snippet:-1, max-image-preview:large, max-video-preview:-1\" \/>\n<meta property=\"og:locale\" content=\"es_ES\" \/>\n<meta property=\"og:type\" content=\"article\" \/>\n<meta property=\"og:title\" content=\"T\u00e9rminos y condiciones del sitio WEB - Spain (ES)\" \/>\n<meta property=\"og:url\" content=\"http:\/\/erp.hosting125804.a2fe2.netcup.net\/es-es\/terminos-y-condiciones\/\" \/>\n<meta property=\"og:site_name\" content=\"Spain (ES)\" \/>\n<meta property=\"article:modified_time\" content=\"2022-12-19T15:11:20+00:00\" \/>\n<meta property=\"og:image\" content=\"http:\/\/erp.hosting125804.a2fe2.netcup.net\/es-es\/wp-content\/uploads\/sites\/56\/2022\/12\/ERP-Global-Position-Papers-Header.jpg\" \/>\n\t<meta property=\"og:image:width\" content=\"1800\" \/>\n\t<meta property=\"og:image:height\" content=\"1200\" \/>\n\t<meta property=\"og:image:type\" content=\"image\/jpeg\" \/>\n<meta name=\"twitter:card\" content=\"summary_large_image\" \/>\n<meta name=\"twitter:label1\" content=\"Tiempo de lectura\" \/>\n\t<meta name=\"twitter:data1\" content=\"14 minutos\" \/>\n<script type=\"application\/ld+json\" class=\"yoast-schema-graph\">{\"@context\":\"https:\/\/schema.org\",\"@graph\":[{\"@type\":\"WebPage\",\"@id\":\"http:\/\/erp.hosting125804.a2fe2.netcup.net\/es-es\/terminos-y-condiciones\/\",\"url\":\"http:\/\/erp.hosting125804.a2fe2.netcup.net\/es-es\/terminos-y-condiciones\/\",\"name\":\"T\u00e9rminos y condiciones del sitio WEB - Spain (ES)\",\"isPartOf\":{\"@id\":\"http:\/\/erp.hosting125804.a2fe2.netcup.net\/es-es\/#website\"},\"datePublished\":\"2022-12-19T15:10:14+00:00\",\"dateModified\":\"2022-12-19T15:11:20+00:00\",\"breadcrumb\":{\"@id\":\"http:\/\/erp.hosting125804.a2fe2.netcup.net\/es-es\/terminos-y-condiciones\/#breadcrumb\"},\"inLanguage\":\"es\",\"potentialAction\":[{\"@type\":\"ReadAction\",\"target\":[\"http:\/\/erp.hosting125804.a2fe2.netcup.net\/es-es\/terminos-y-condiciones\/\"]}]},{\"@type\":\"BreadcrumbList\",\"@id\":\"http:\/\/erp.hosting125804.a2fe2.netcup.net\/es-es\/terminos-y-condiciones\/#breadcrumb\",\"itemListElement\":[{\"@type\":\"ListItem\",\"position\":1,\"name\":\"Frontpage\",\"item\":\"http:\/\/erp.hosting125804.a2fe2.netcup.net\/es-es\/\"},{\"@type\":\"ListItem\",\"position\":2,\"name\":\"T\u00e9rminos y condiciones del sitio WEB\"}]},{\"@type\":\"WebSite\",\"@id\":\"http:\/\/erp.hosting125804.a2fe2.netcup.net\/es-es\/#website\",\"url\":\"http:\/\/erp.hosting125804.a2fe2.netcup.net\/es-es\/\",\"name\":\"Spain (ES)\",\"description\":\"A company of the Landbell Group\",\"potentialAction\":[{\"@type\":\"SearchAction\",\"target\":{\"@type\":\"EntryPoint\",\"urlTemplate\":\"http:\/\/erp.hosting125804.a2fe2.netcup.net\/es-es\/?s={search_term_string}\"},\"query-input\":\"required name=search_term_string\"}],\"inLanguage\":\"es\"}]}<\/script>\n<!-- \/ Yoast SEO plugin. -->","yoast_head_json":{"title":"T\u00e9rminos y condiciones del sitio WEB - Spain (ES)","robots":{"index":"noindex","follow":"follow","max-snippet":"max-snippet:-1","max-image-preview":"max-image-preview:large","max-video-preview":"max-video-preview:-1"},"og_locale":"es_ES","og_type":"article","og_title":"T\u00e9rminos y condiciones del sitio WEB - Spain (ES)","og_url":"http:\/\/erp.hosting125804.a2fe2.netcup.net\/es-es\/terminos-y-condiciones\/","og_site_name":"Spain (ES)","article_modified_time":"2022-12-19T15:11:20+00:00","og_image":[{"width":1800,"height":1200,"url":"http:\/\/erp.hosting125804.a2fe2.netcup.net\/es-es\/wp-content\/uploads\/sites\/56\/2022\/12\/ERP-Global-Position-Papers-Header.jpg","type":"image\/jpeg"}],"twitter_card":"summary_large_image","twitter_misc":{"Tiempo de lectura":"14 minutos"},"schema":{"@context":"https:\/\/schema.org","@graph":[{"@type":"WebPage","@id":"http:\/\/erp.hosting125804.a2fe2.netcup.net\/es-es\/terminos-y-condiciones\/","url":"http:\/\/erp.hosting125804.a2fe2.netcup.net\/es-es\/terminos-y-condiciones\/","name":"T\u00e9rminos y condiciones del sitio WEB - Spain (ES)","isPartOf":{"@id":"http:\/\/erp.hosting125804.a2fe2.netcup.net\/es-es\/#website"},"datePublished":"2022-12-19T15:10:14+00:00","dateModified":"2022-12-19T15:11:20+00:00","breadcrumb":{"@id":"http:\/\/erp.hosting125804.a2fe2.netcup.net\/es-es\/terminos-y-condiciones\/#breadcrumb"},"inLanguage":"es","potentialAction":[{"@type":"ReadAction","target":["http:\/\/erp.hosting125804.a2fe2.netcup.net\/es-es\/terminos-y-condiciones\/"]}]},{"@type":"BreadcrumbList","@id":"http:\/\/erp.hosting125804.a2fe2.netcup.net\/es-es\/terminos-y-condiciones\/#breadcrumb","itemListElement":[{"@type":"ListItem","position":1,"name":"Frontpage","item":"http:\/\/erp.hosting125804.a2fe2.netcup.net\/es-es\/"},{"@type":"ListItem","position":2,"name":"T\u00e9rminos y condiciones del sitio WEB"}]},{"@type":"WebSite","@id":"http:\/\/erp.hosting125804.a2fe2.netcup.net\/es-es\/#website","url":"http:\/\/erp.hosting125804.a2fe2.netcup.net\/es-es\/","name":"Spain (ES)","description":"A company of the Landbell Group","potentialAction":[{"@type":"SearchAction","target":{"@type":"EntryPoint","urlTemplate":"http:\/\/erp.hosting125804.a2fe2.netcup.net\/es-es\/?s={search_term_string}"},"query-input":"required name=search_term_string"}],"inLanguage":"es"}]}},"_links":{"self":[{"href":"http:\/\/erp.hosting125804.a2fe2.netcup.net\/es-es\/wp-json\/wp\/v2\/pages\/9228"}],"collection":[{"href":"http:\/\/erp.hosting125804.a2fe2.netcup.net\/es-es\/wp-json\/wp\/v2\/pages"}],"about":[{"href":"http:\/\/erp.hosting125804.a2fe2.netcup.net\/es-es\/wp-json\/wp\/v2\/types\/page"}],"author":[{"embeddable":true,"href":"http:\/\/erp.hosting125804.a2fe2.netcup.net\/es-es\/wp-json\/wp\/v2\/users\/1"}],"replies":[{"embeddable":true,"href":"http:\/\/erp.hosting125804.a2fe2.netcup.net\/es-es\/wp-json\/wp\/v2\/comments?post=9228"}],"version-history":[{"count":2,"href":"http:\/\/erp.hosting125804.a2fe2.netcup.net\/es-es\/wp-json\/wp\/v2\/pages\/9228\/revisions"}],"predecessor-version":[{"id":9232,"href":"http:\/\/erp.hosting125804.a2fe2.netcup.net\/es-es\/wp-json\/wp\/v2\/pages\/9228\/revisions\/9232"}],"wp:featuredmedia":[{"embeddable":true,"href":"http:\/\/erp.hosting125804.a2fe2.netcup.net\/es-es\/wp-json\/wp\/v2\/media\/7018"}],"wp:attachment":[{"href":"http:\/\/erp.hosting125804.a2fe2.netcup.net\/es-es\/wp-json\/wp\/v2\/media?parent=9228"}],"curies":[{"name":"wp","href":"https:\/\/api.w.org\/{rel}","templated":true}]}}